{"id":8682,"date":"2020-03-03T19:01:08","date_gmt":"2020-03-03T19:01:08","guid":{"rendered":"https:\/\/vunjak.rs\/?page_id=8682"},"modified":"2020-03-03T19:01:09","modified_gmt":"2020-03-03T19:01:09","slug":"zubni-implanti","status":"publish","type":"page","link":"https:\/\/vunjak.rs\/de\/zubni-implanti\/","title":{"rendered":"Zubni implanti"},"content":{"rendered":"<div id='full_slider_1'  class='avia-fullwidth-slider main_color avia-shadow   avia-builder-el-0  el_before_av_section  avia-builder-el-first   container_wrap fullsize'  >\n<style type=\"text\/css\" data-created_by=\"avia_inline_auto\" id=\"style-css-av-jr0gra6v-eba1cae065ddbcdc31e7d4e20d02e0f5\">\n#top #wrap_all .avia-slideshow .av-slideshow-caption.av-jr0gra6v-eba1cae065ddbcdc31e7d4e20d02e0f5__0 .avia-caption-title{\nfont-size:42px;\n}\n#top .avia-slideshow .av-slideshow-caption.av-jr0gra6v-eba1cae065ddbcdc31e7d4e20d02e0f5__0 .avia-caption-content{\nfont-size:16px;\n}\n#top .avia-slideshow .av-slideshow-caption.av-jr0gra6v-eba1cae065ddbcdc31e7d4e20d02e0f5__0 .avia-caption-content p{\nfont-size:16px;\n}\n<\/style>\n<div  class='avia-slideshow av-jr0gra6v-eba1cae065ddbcdc31e7d4e20d02e0f5 avia-slideshow-no scaling av_slideshow_full avia-slide-slider av-slideshow-ui av-control-default av-slideshow-manual av-loop-once av-loop-manual-endless av-default-height-applied   avia-slideshow-1' data-slideshow-options=\"{&quot;animation&quot;:&quot;slide&quot;,&quot;autoplay&quot;:false,&quot;loop_autoplay&quot;:&quot;once&quot;,&quot;interval&quot;:5,&quot;loop_manual&quot;:&quot;manual-endless&quot;,&quot;autoplay_stopper&quot;:false,&quot;noNavigation&quot;:false,&quot;bg_slider&quot;:false,&quot;keep_padding&quot;:false,&quot;hoverpause&quot;:false,&quot;show_slide_delay&quot;:0}\"  itemprop=\"image\" itemscope=\"itemscope\" itemtype=\"https:\/\/schema.org\/ImageObject\" ><ul class='avia-slideshow-inner ' style='padding-bottom: 44.717573221757%;'><li  class='avia-slideshow-slide av-jr0gra6v-eba1cae065ddbcdc31e7d4e20d02e0f5__0  av-single-slide slide-1 slide-odd'><div data-rel='slideshow-1' class='avia-slide-wrap '   ><div class='av-slideshow-caption av-jr0gra6v-eba1cae065ddbcdc31e7d4e20d02e0f5__0 caption_fullwidth caption_left'><div class=\"container caption_container\"><div class=\"slideshow_caption\"><div class=\"slideshow_inner_caption\"><div class=\"slideshow_align_caption\"><h2 class='avia-caption-title '  itemprop=\"name\" >Bei uns sind Implantate kein Luxus<\/h2><div class='avia-caption-content '  itemprop=\"description\" ><p>Erfahren Sie, wie durch die Unterst\u00fctzung unseres h\u00f6hst kompetenten Teams auf eine effiziente Weise Ihre Z\u00e4hne dauerhaft rekonstruiert werden<\/p>\n<\/div><a href='\/kontakt\/'  class='avia-slideshow-button avia-button avia-color-red ' data-duration='800' data-easing='easeInOutQuad'>ZAKA\u017dITE PREGLED<\/a><\/div><\/div><\/div><\/div><\/div><img decoding=\"async\" fetchpriority=\"high\" class=\"wp-image-8713 avia-img-lazy-loading-not-8713\"  src=\"https:\/\/vunjak.rs\/wp-content\/uploads\/2019\/01\/stomatoloska-ordinacija-vunjak-dental-clinic-ugradjivanje-implanta.jpg\" width=\"1912\" height=\"855\" title='stomatoloska-ordinacija-vunjak-dental-clinic-ugradjivanje-implanta' alt=''  itemprop=\"thumbnailUrl\"   \/><div class='av-section-color-overlay' style='opacity: 0.3; background-color: #151515; '><\/div><\/div><\/li><\/ul><\/div><\/div>\n<div id='av_section_1'  class='avia-section av-av_section-f3892e610ee9633c68397830e8f2c661 main_color avia-section-default avia-no-border-styling  avia-builder-el-1  el_after_av_slideshow_full  el_before_av_section  avia-bg-style-scroll container_wrap fullsize'  ><div class='container av-section-cont-open' ><div class='template-page content  av-content-full alpha units'><div class='post-entry post-entry-type-page post-entry-8682'><div class='entry-content-wrapper clearfix'>\n<section  class='av_textblock_section av-k7c9amnr-66d6a766dae5e9b5d3da7c1e7017151e '   itemscope=\"itemscope\" itemtype=\"https:\/\/schema.org\/CreativeWork\" ><div class='avia_textblock'  itemprop=\"text\" ><h3 style=\"text-align: center;\">IMPLANTATE<\/h3>\n<p style=\"text-align: center;\">In den letzten Jahren, hat die Implantologie im Zahnmedizin-Bereich, als eine hoch spezialisierte Technik bedeutsame Fortschritte erzielt. Nach der Statistik, liegt der Erfolgsprozentsatz \u00fcber 96%, was Patienten nach dem Implantat Einsatz eine ganz normale Funktion erm\u00f6glicht, genauso, wie es bei nat\u00fcrlichen Z\u00e4hnen der Fall ist. Bei fehlenden Z\u00e4hnen, sind Zahnimplantate die erste L\u00f6sung, die f\u00fcr uns bei Verlust eines, mehrerer oder gar aller Z\u00e4hne (bei voller Zahnlosigkeit) die beste Versorgung darstellt.<\/p>\n<\/div><\/section>\n<div class='flex_column_table av-av_one_half-9635fac2bdd69bc99d5867bf9abd3907 sc-av_one_half av-equal-height-column-flextable'>\n<style type=\"text\/css\" data-created_by=\"avia_inline_auto\" id=\"style-css-av-av_one_half-9635fac2bdd69bc99d5867bf9abd3907\">\n.flex_column.av-av_one_half-9635fac2bdd69bc99d5867bf9abd3907{\nborder-radius:0px 0px 0px 0px;\npadding:0px 0px 0px 15px;\n}\n<\/style>\n<div  class='flex_column av-av_one_half-9635fac2bdd69bc99d5867bf9abd3907 av_one_half  avia-builder-el-3  el_after_av_textblock  el_before_av_one_half  first flex_column_table_cell av-equal-height-column av-align-middle  column-top-margin'     ><style type=\"text\/css\" data-created_by=\"avia_inline_auto\" id=\"style-css-av-av_image-2f31744e7e3d7e1f13c170abd4bd0d6e\">\n.avia-image-container.av-av_image-2f31744e7e3d7e1f13c170abd4bd0d6e img.avia_image{\nbox-shadow:none;\n}\n.avia-image-container.av-av_image-2f31744e7e3d7e1f13c170abd4bd0d6e .av-image-caption-overlay-center{\ncolor:#ffffff;\n}\n<\/style>\n<div  class='avia-image-container av-av_image-2f31744e7e3d7e1f13c170abd4bd0d6e av-styling- avia-align-center  avia-builder-el-4  avia-builder-el-no-sibling '   itemprop=\"image\" itemscope=\"itemscope\" itemtype=\"https:\/\/schema.org\/ImageObject\" ><div class=\"avia-image-container-inner\"><div class=\"avia-image-overlay-wrap\"><img decoding=\"async\" fetchpriority=\"high\" class='avia-img-lazy-loading-not- avia_image ' src=\"http:\/\/vunjak.rs\/wp-content\/uploads\/2018\/05\/stomatolog-beograd-stomatoloska-ordinacija-vunjak-tim-dentalni-zubni-implatni.jpg\" alt='' title=''   itemprop=\"thumbnailUrl\"  \/><\/div><\/div><\/div><\/div><div class='av-flex-placeholder'><\/div>\n<style type=\"text\/css\" data-created_by=\"avia_inline_auto\" id=\"style-css-av-av_one_half-1aa8fb2c787dfc978971622b6990c17b\">\n.flex_column.av-av_one_half-1aa8fb2c787dfc978971622b6990c17b{\nborder-radius:0px 0px 0px 0px;\npadding:30px 30px 30px 30px;\n}\n<\/style>\n<div  class='flex_column av-av_one_half-1aa8fb2c787dfc978971622b6990c17b av_one_half  avia-builder-el-5  el_after_av_one_half  el_before_av_one_half  flex_column_table_cell av-equal-height-column av-align-middle  column-top-margin'     ><section  class='av_textblock_section av-k7c9b7xq-526f9a28ff8c52982d0a01a09c8d9ca2 '   itemscope=\"itemscope\" itemtype=\"https:\/\/schema.org\/CreativeWork\" ><div class='avia_textblock'  itemprop=\"text\" ><h3 style=\"text-align: center;\">WIRKSAME UND DAUERHAFTE L\u00d6SUNG F\u00dcR DIE REKONSTRUKTION IHRER Z\u00c4HNE<\/h3>\n<p style=\"text-align: center;\">Ein Zahnimplantat ist aus zwei Teilen zusammengesetzt, dem ersten Teil, der in den Alveolar Knochen in Form einer Titanium-Schraube eingesetzt wird und die Zahnkrone ersetzt, und den zweiten Teil, den Implantat Aufbau (Abutment), der zum Tr\u00e4ger der endg\u00fcltigen prothetischen Versorgung dient: Krone, Br\u00fccke, usw.<br \/>\nIn manchen F\u00e4llen kann ein fehlender Zahn sofort durch ein Implantat ersetzt werden. Zum Beispiel, im Falle eines Unfalls, wenn es zum Verlust von einigen Frontz\u00e4hnen kommt, ohne dass es dabei zur Besch\u00e4digung des Kieferknochens gekommen ist. Ein Implantat bietet die M\u00f6glichkeit, in nur ein paar Stunden nach einem Unfall und dem Zahnverlust einiger Frontz\u00e4hne, durch Einbau einer vorzeitigen Krone auf das Implantat, das gleiche sch\u00f6ne L\u00e4cheln wie vor dem Unfall beizubehalten.<\/p>\n<\/div><\/section><\/div><\/div><!--close column table wrapper. Autoclose: 1 --><div class='flex_column_table av-av_one_half-87403c2cd98212c31df019de5ec8de93 sc-av_one_half av-equal-height-column-flextable'>\n<style type=\"text\/css\" data-created_by=\"avia_inline_auto\" id=\"style-css-av-av_one_half-87403c2cd98212c31df019de5ec8de93\">\n.flex_column.av-av_one_half-87403c2cd98212c31df019de5ec8de93{\nborder-radius:0px 0px 0px 0px;\npadding:30px 30px 30px 30px;\n}\n<\/style>\n<div  class='flex_column av-av_one_half-87403c2cd98212c31df019de5ec8de93 av_one_half  avia-builder-el-7  el_after_av_one_half  el_before_av_one_half  first no_margin flex_column_table_cell av-equal-height-column av-align-middle  column-top-margin'     ><section  class='av_textblock_section av-k7c9c19t-f2e8302ec14f602495db93eb5380fb56 '   itemscope=\"itemscope\" itemtype=\"https:\/\/schema.org\/CreativeWork\" ><div class='avia_textblock'  itemprop=\"text\" ><h3 style=\"text-align: center;\">ANZEICHEN F\u00dcR DIE NOTWENDIGKEIT EINES IMPLANTATEINSATZES<\/h3>\n<p>Der Bedarf nach Zahnimplantaten hat sich mit dem gro\u00dfen technologischen Fortschritt in den letzten Jahren bedeutsam erh\u00f6ht, wobei heutzutage das ganze Verfahren als gew\u00f6hnlich und erschwinglich betrachtet wird.<br \/>\nGut zu wissen: Der Implantat-Einsatz geht f\u00fcr gew\u00f6hnlich als einfacher und vollkommen schmerzloser operativer Eingriff vonstatten. Ausgef\u00fchrt wird der Eingriff unter lokaler An\u00e4sthesie, wie eine Kariesbehandlung auch. Um Implantate einzusetzen ist ein richtiges chirurgisches Planen und eine Patientenvorbereitung Voraussetzung. Hierf\u00fcr stellen einen goldenen Standard 3D Orthopan oder CBCT -Aufnahmen des gew\u00fcnschten Bereiches dar. Aufgrund dieser Aufnahmen erhalten wir Informationen \u00fcber die H\u00f6he und Breite der Kieferknochen, was uns zur genauen Bestimmung der Implantat-Dimension verhilft.<\/p>\n<\/div><\/section><\/div>\n<style type=\"text\/css\" data-created_by=\"avia_inline_auto\" id=\"style-css-av-av_one_half-16ad8ec9d767fb139fbc20549502bf6c\">\n.flex_column.av-av_one_half-16ad8ec9d767fb139fbc20549502bf6c{\nborder-radius:0px 0px 0px 0px;\npadding:0px 0px 0px 15px;\n}\n<\/style>\n<div  class='flex_column av-av_one_half-16ad8ec9d767fb139fbc20549502bf6c av_one_half  avia-builder-el-9  el_after_av_one_half  avia-builder-el-last  no_margin flex_column_table_cell av-equal-height-column av-align-middle  column-top-margin'     ><style type=\"text\/css\" data-created_by=\"avia_inline_auto\" id=\"style-css-av-av_image-003f600c47bff21033a738899247b45c\">\n.avia-image-container.av-av_image-003f600c47bff21033a738899247b45c img.avia_image{\nbox-shadow:none;\n}\n.avia-image-container.av-av_image-003f600c47bff21033a738899247b45c .av-image-caption-overlay-center{\ncolor:#ffffff;\n}\n<\/style>\n<div  class='avia-image-container av-av_image-003f600c47bff21033a738899247b45c av-styling- avia-align-center  avia-builder-el-10  avia-builder-el-no-sibling '   itemprop=\"image\" itemscope=\"itemscope\" itemtype=\"https:\/\/schema.org\/ImageObject\" ><div class=\"avia-image-container-inner\"><div class=\"avia-image-overlay-wrap\"><img decoding=\"async\" fetchpriority=\"high\" class='avia-img-lazy-loading-not- avia_image ' src=\"http:\/\/vunjak.rs\/wp-content\/uploads\/2018\/05\/stomatolog-beograd-stomatoloska-ordinacija-vunjak-tim-stomatoloska-stolica-1.jpg\" alt='' title=''   itemprop=\"thumbnailUrl\"  \/><\/div><\/div><\/div><\/div><\/div><!--close column table wrapper. Autoclose: 1 --><\/div><\/div><\/div><!-- close content main div --><\/div><\/div>\n<style type=\"text\/css\" data-created_by=\"avia_inline_auto\" id=\"style-css-av-av_section-ce70cb1c38d13a1199aa239d1e611648\">\n.avia-section.av-av_section-ce70cb1c38d13a1199aa239d1e611648{\nbackground-color:#efece3;\nbackground-image:unset;\n}\n<\/style>\n<div id='av_section_2'  class='avia-section av-av_section-ce70cb1c38d13a1199aa239d1e611648 main_color avia-section-default avia-no-border-styling  avia-builder-el-11  el_after_av_section  el_before_av_one_full  avia-bg-style-scroll container_wrap fullsize'  ><div class='container av-section-cont-open' ><div class='template-page content  av-content-full alpha units'><div class='post-entry post-entry-type-page post-entry-8682'><div class='entry-content-wrapper clearfix'>\n<div class='flex_column_table av-av_one_third-e59e19aacd6ad641f3f8fef6767a091e sc-av_one_third av-equal-height-column-flextable'>\n<style type=\"text\/css\" data-created_by=\"avia_inline_auto\" id=\"style-css-av-av_one_third-e59e19aacd6ad641f3f8fef6767a091e\">\n.flex_column.av-av_one_third-e59e19aacd6ad641f3f8fef6767a091e{\nborder-radius:0px 0px 0px 0px;\npadding:30px 30px 30px 30px;\nbackground-color:#4aaaa6;\n}\n<\/style>\n<div  class='flex_column av-av_one_third-e59e19aacd6ad641f3f8fef6767a091e av_one_third  avia-builder-el-12  el_before_av_two_third  avia-builder-el-first  first flex_column_table_cell av-equal-height-column av-align-middle  '     ><style type=\"text\/css\" data-created_by=\"avia_inline_auto\" id=\"style-css-av-av_font_icon-a0de1d6e5ed4acc941693d53db7ce41b\">\n.av_font_icon.av-av_font_icon-a0de1d6e5ed4acc941693d53db7ce41b{\ncolor:#ffffff;\nborder-color:#ffffff;\n}\n.av_font_icon.av-av_font_icon-a0de1d6e5ed4acc941693d53db7ce41b .av-icon-char{\nfont-size:85px;\nline-height:85px;\n}\n<\/style>\n<span  class='av_font_icon av-av_font_icon-a0de1d6e5ed4acc941693d53db7ce41b avia_animate_when_visible av-icon-style- avia-icon-pos-center avia-icon-animate'><span class='av-icon-char' aria-hidden='true' data-av_icon='\uf109' data-av_iconfont='flaticon' ><\/span><\/span><\/div><div class='av-flex-placeholder'><\/div>\n<style type=\"text\/css\" data-created_by=\"avia_inline_auto\" id=\"style-css-av-av_two_third-c8fc129dc35fd1ae2a1e410224d39ea8\">\n.flex_column.av-av_two_third-c8fc129dc35fd1ae2a1e410224d39ea8{\nborder-radius:0px 0px 0px 0px;\npadding:0px 0px 0px 0px;\n}\n<\/style>\n<div  class='flex_column av-av_two_third-c8fc129dc35fd1ae2a1e410224d39ea8 av_two_third  avia-builder-el-14  el_after_av_one_third  avia-builder-el-last  flex_column_table_cell av-equal-height-column av-align-middle av-zero-column-padding  '     ><section  class='av_textblock_section av-k7c9cjcs-ff048ea4634915dff789cc779518a1c4 '   itemscope=\"itemscope\" itemtype=\"https:\/\/schema.org\/CreativeWork\" ><div class='avia_textblock'  itemprop=\"text\" ><h4>Wichtiger Hinweis<\/h4>\n<p>Unser Oralchirurg ist jederzeit bereit Ihnen entgegenzukommen und Ihnen zus\u00e4tzlich, alles was Ihnen nicht klar ist zu erl\u00e4utern, bzw. Ihnen zu verhelfen keine Bedenken zu haben.<\/p>\n<\/div><\/section><br \/>\n<div  class='avia-button-wrap av-k7c9cqf7-0784ca78e70e986aca226c652fc58b06-wrap avia-button-left  avia-builder-el-16  el_after_av_textblock  avia-builder-el-last '>\n<style type=\"text\/css\" data-created_by=\"avia_inline_auto\" id=\"style-css-av-k7c9cqf7-0784ca78e70e986aca226c652fc58b06\">\n#top #wrap_all .avia-button.av-k7c9cqf7-0784ca78e70e986aca226c652fc58b06{\nbackground-color:#e60028;\nborder-color:#e60028;\ncolor:#ffffff;\ntransition:all 0.4s ease-in-out;\n}\n<\/style>\n<a href='\/kontakt\/'  class='avia-button av-k7c9cqf7-0784ca78e70e986aca226c652fc58b06 av-link-btn avia-icon_select-yes-right-icon avia-size-medium avia-position-left av-icon-on-hover'   aria-label=\"SAGEN SIE EINEN TERMIN AN \"><span class='avia_iconbox_title' >SAGEN SIE EINEN TERMIN AN <\/span><span class='avia_button_icon avia_button_icon_right' aria-hidden='true' data-av_icon='\ue879' data-av_iconfont='entypo-fontello'><\/span><\/a><\/div><\/p><\/div><\/div><!--close column table wrapper. Autoclose: 1 --><\/div><\/div><\/div><!-- close content main div --><\/div><\/div><div id='after_section_2'  class='main_color av_default_container_wrap container_wrap fullsize'  ><div class='container av-section-cont-open' ><div class='template-page content  av-content-full alpha units'><div class='post-entry post-entry-type-page post-entry-8682'><div class='entry-content-wrapper clearfix'>\n<style type=\"text\/css\" data-created_by=\"avia_inline_auto\" id=\"style-css-av-av_one_full-15d750bd1b332b34c6e70b077ebbccdf\">\n.flex_column.av-av_one_full-15d750bd1b332b34c6e70b077ebbccdf{\nborder-radius:0px 0px 0px 0px;\npadding:0px 0px 0px 0px;\n}\n<\/style>\n<div  class='flex_column av-av_one_full-15d750bd1b332b34c6e70b077ebbccdf av_one_full  avia-builder-el-17  el_after_av_section  avia-builder-el-no-sibling  first flex_column_div av-zero-column-padding  '     ><section  class='av_textblock_section av-av_textblock-2de302bf1aa3cf4c9157dbe6f50ac7eb '   itemscope=\"itemscope\" itemtype=\"https:\/\/schema.org\/CreativeWork\" ><div class='avia_textblock'  itemprop=\"text\" ><h3 style=\"text-align: center;\">VUNJAK TIM BAZA ZNANJA<\/h3>\n<p style=\"text-align: center;\">Zanimljivi i korisni tekstovi iz sveta stomatologija<\/p>\n<\/div><\/section><br \/>\n<\/p><\/div><\/p>\n","protected":false},"excerpt":{"rendered":"","protected":false},"author":5,"featured_media":0,"parent":0,"menu_order":0,"comment_status":"closed","ping_status":"closed","template":"","meta":{"footnotes":""},"class_list":["post-8682","page","type-page","status-publish","hentry"],"aioseo_notices":[],"_links":{"self":[{"href":"https:\/\/vunjak.rs\/de\/wp-json\/wp\/v2\/pages\/8682","targetHints":{"allow":["GET"]}}],"collection":[{"href":"https:\/\/vunjak.rs\/de\/wp-json\/wp\/v2\/pages"}],"about":[{"href":"https:\/\/vunjak.rs\/de\/wp-json\/wp\/v2\/types\/page"}],"author":[{"embeddable":true,"href":"https:\/\/vunjak.rs\/de\/wp-json\/wp\/v2\/users\/5"}],"replies":[{"embeddable":true,"href":"https:\/\/vunjak.rs\/de\/wp-json\/wp\/v2\/comments?post=8682"}],"version-history":[{"count":3,"href":"https:\/\/vunjak.rs\/de\/wp-json\/wp\/v2\/pages\/8682\/revisions"}],"predecessor-version":[{"id":18910,"href":"https:\/\/vunjak.rs\/de\/wp-json\/wp\/v2\/pages\/8682\/revisions\/18910"}],"wp:attachment":[{"href":"https:\/\/vunjak.rs\/de\/wp-json\/wp\/v2\/media?parent=8682"}],"curies":[{"name":"wp","href":"https:\/\/api.w.org\/{rel}","templated":true}]}}