{"id":8677,"date":"2020-03-03T18:55:26","date_gmt":"2020-03-03T18:55:26","guid":{"rendered":"https:\/\/vunjak.rs\/?page_id=8677"},"modified":"2020-03-03T18:55:26","modified_gmt":"2020-03-03T18:55:26","slug":"prothetik","status":"publish","type":"page","link":"https:\/\/vunjak.rs\/de\/prothetik\/","title":{"rendered":"PROTHETIK"},"content":{"rendered":"<div id='full_slider_1'  class='avia-fullwidth-slider main_color avia-shadow   avia-builder-el-0  el_before_av_section  avia-builder-el-first   container_wrap fullsize'  >\n<style type=\"text\/css\" data-created_by=\"avia_inline_auto\" id=\"style-css-av-jr0h1owf-ecf4850ac4a91bd8d7a8b12a1ce0ec3b\">\n#top #wrap_all .avia-slideshow .av-slideshow-caption.av-jr0h1owf-ecf4850ac4a91bd8d7a8b12a1ce0ec3b__0 .avia-caption-title{\nfont-size:42px;\n}\n#top .avia-slideshow .av-slideshow-caption.av-jr0h1owf-ecf4850ac4a91bd8d7a8b12a1ce0ec3b__0 .avia-caption-content{\nfont-size:16px;\n}\n#top .avia-slideshow .av-slideshow-caption.av-jr0h1owf-ecf4850ac4a91bd8d7a8b12a1ce0ec3b__0 .avia-caption-content p{\nfont-size:16px;\n}\n<\/style>\n<div  class='avia-slideshow av-jr0h1owf-ecf4850ac4a91bd8d7a8b12a1ce0ec3b avia-slideshow-no scaling av_slideshow_full avia-slide-slider av-slideshow-ui av-control-default av-slideshow-manual av-loop-once av-loop-manual-endless av-default-height-applied   avia-slideshow-1' data-slideshow-options=\"{&quot;animation&quot;:&quot;slide&quot;,&quot;autoplay&quot;:false,&quot;loop_autoplay&quot;:&quot;once&quot;,&quot;interval&quot;:5,&quot;loop_manual&quot;:&quot;manual-endless&quot;,&quot;autoplay_stopper&quot;:false,&quot;noNavigation&quot;:false,&quot;bg_slider&quot;:false,&quot;keep_padding&quot;:false,&quot;hoverpause&quot;:false,&quot;show_slide_delay&quot;:0}\"  itemprop=\"image\" itemscope=\"itemscope\" itemtype=\"https:\/\/schema.org\/ImageObject\" ><ul class='avia-slideshow-inner ' style='padding-bottom: 44.717573221757%;'><li  class='avia-slideshow-slide av-jr0h1owf-ecf4850ac4a91bd8d7a8b12a1ce0ec3b__0  av-single-slide slide-1 slide-odd'><div data-rel='slideshow-1' class='avia-slide-wrap '   ><div class='av-slideshow-caption av-jr0h1owf-ecf4850ac4a91bd8d7a8b12a1ce0ec3b__0 caption_fullwidth caption_left'><div class=\"container caption_container\"><div class=\"slideshow_caption\"><div class=\"slideshow_inner_caption\"><div class=\"slideshow_align_caption\"><h2 class='avia-caption-title '  itemprop=\"name\" >POKLONITE SEBI SAVR\u0160EN OSMEH<\/h2><div class='avia-caption-content '  itemprop=\"description\" ><p>Kao \u0161to sam to ja uradila.<\/p>\n<\/div><a href='\/kontakt\/'  class='avia-slideshow-button avia-button avia-color-red ' data-duration='800' data-easing='easeInOutQuad'>ZAKA\u017dITE PREGLED<\/a><\/div><\/div><\/div><\/div><\/div><img decoding=\"async\" fetchpriority=\"high\" class=\"wp-image-8680 avia-img-lazy-loading-not-8680\"  src=\"https:\/\/vunjak.rs\/wp-content\/uploads\/2019\/01\/stomatoloska-ordinacija-vunjak-dental-clinic-ortodoncija-1.jpg\" width=\"1912\" height=\"855\" title='stomatoloska-ordinacija-vunjak-dental-clinic-ortodoncija-1' alt=''  itemprop=\"thumbnailUrl\"   \/><div class='av-section-color-overlay' style='opacity: 0.3; background-color: #151515; '><\/div><\/div><\/li><\/ul><\/div><\/div>\n<div id='av_section_1'  class='avia-section av-av_section-f3892e610ee9633c68397830e8f2c661 main_color avia-section-default avia-no-border-styling  avia-builder-el-1  el_after_av_slideshow_full  el_before_av_section  avia-bg-style-scroll container_wrap fullsize'  ><div class='container av-section-cont-open' ><div class='template-page content  av-content-full alpha units'><div class='post-entry post-entry-type-page post-entry-8677'><div class='entry-content-wrapper clearfix'>\n<section  class='av_textblock_section av-k7c91h18-d981bde90d2d22f4dcb3e762dc9ec97c '   itemscope=\"itemscope\" itemtype=\"https:\/\/schema.org\/CreativeWork\" ><div class='avia_textblock'  itemprop=\"text\" ><h3 style=\"text-align: center;\">PROTHETIK<\/h3>\n<p style=\"text-align: center;\">Die Prothetik dient zum Ersatz eines oder mehrerer fehlender Z\u00e4hne.<\/p>\n<\/div><\/section>\n<div class='flex_column_table av-av_one_half-a45e13ab0e2475382077f8b189381ba0 sc-av_one_half av-equal-height-column-flextable'>\n<style type=\"text\/css\" data-created_by=\"avia_inline_auto\" id=\"style-css-av-av_one_half-a45e13ab0e2475382077f8b189381ba0\">\n.flex_column.av-av_one_half-a45e13ab0e2475382077f8b189381ba0{\nborder-radius:0px 0px 0px 0px;\npadding:0px 0px 0px 15px;\n}\n<\/style>\n<div  class='flex_column av-av_one_half-a45e13ab0e2475382077f8b189381ba0 av_one_half  avia-builder-el-3  el_after_av_textblock  el_before_av_one_half  first flex_column_table_cell av-equal-height-column av-align-middle  column-top-margin'     ><p><section  class='av_textblock_section av-k7c91uea-84294ab7d21fdde24e5be0c1baf1f274 '   itemscope=\"itemscope\" itemtype=\"https:\/\/schema.org\/CreativeWork\" ><div class='avia_textblock'  itemprop=\"text\" ><p>Nach der Untersuchung werden Ihnen unsere Fachkr\u00e4fte\/Spezialisten eine L\u00f6sung vorschlagen und einen Behandlungsplan erstellen, der Ihnen am besten entspricht, je nach Behandlungsart, die wie folgt sein kann:<\/p>\n<\/div><\/section><br \/>\n\n<style type=\"text\/css\" data-created_by=\"avia_inline_auto\" id=\"style-css-av-av_iconlist-8602be6cb5e3566dafd7ab5e0cd2edad\">\n#top .avia-icon-list-container.av-av_iconlist-8602be6cb5e3566dafd7ab5e0cd2edad .iconlist_icon{\ncolor:#4aaaa6;\nbackground-color:#ffffff;\nborder:1px solid #4aaaa6;\n}\n<\/style>\n<div  class='avia-icon-list-container av-av_iconlist-8602be6cb5e3566dafd7ab5e0cd2edad  avia-builder-el-5  el_after_av_textblock  avia-builder-el-last '><ul class='avia-icon-list avia_animate_when_almost_visible avia-icon-list-left av-iconlist-big av-av_iconlist-8602be6cb5e3566dafd7ab5e0cd2edad avia-iconlist-animate'>\n<li><div class='iconlist_icon av-av_iconlist_item-4db3417875955057d526257d54bd1d57 avia-font-entypo-fontello'><span class='iconlist-char' aria-hidden='true' data-av_icon='\ue879' data-av_iconfont='entypo-fontello'><\/span><\/div><article class=\"article-icon-entry \"  itemscope=\"itemscope\" itemtype=\"https:\/\/schema.org\/CreativeWork\" ><div class=\"iconlist_content_wrap\"><header class=\"entry-content-header\" aria-label=\"Icon: Fiksni\"><h4 class='av_iconlist_title iconlist_title  '  itemprop=\"headline\" >Fiksni<\/h4><\/header><div class='iconlist_content '  itemprop=\"text\" ><p>Krune i mostovi koji ostaju fiksirani u ustima<\/p>\n<\/div><\/div><footer class=\"entry-footer\"><\/footer><\/article><div class=\"iconlist-timeline\"><\/div><\/li>\n<li><div class='iconlist_icon av-av_iconlist_item-3f565bbdd1d062525e1faee8aae67bcc avia-font-entypo-fontello'><span class='iconlist-char' aria-hidden='true' data-av_icon='\ue879' data-av_iconfont='entypo-fontello'><\/span><\/div><article class=\"article-icon-entry \"  itemscope=\"itemscope\" itemtype=\"https:\/\/schema.org\/CreativeWork\" ><div class=\"iconlist_content_wrap\"><header class=\"entry-content-header\" aria-label=\"Icon: Pokretni \/ Mobilni\"><h4 class='av_iconlist_title iconlist_title  '  itemprop=\"headline\" >Pokretni \/ Mobilni<\/h4><\/header><div class='iconlist_content '  itemprop=\"text\" ><p>Zubne proteze &#8211; parcijalne ili totalne<\/p>\n<\/div><\/div><footer class=\"entry-footer\"><\/footer><\/article><div class=\"iconlist-timeline\"><\/div><\/li>\n<li><div class='iconlist_icon av-av_iconlist_item-a82172bce976c5f3c0ab3c327cf1093d avia-font-entypo-fontello'><span class='iconlist-char' aria-hidden='true' data-av_icon='\ue879' data-av_iconfont='entypo-fontello'><\/span><\/div><article class=\"article-icon-entry av-iconlist-empty\"  itemscope=\"itemscope\" itemtype=\"https:\/\/schema.org\/CreativeWork\" ><div class=\"iconlist_content_wrap\"><header class=\"entry-content-header\" aria-label=\"Icon: Kombinovani\"><h4 class='av_iconlist_title iconlist_title  '  itemprop=\"headline\" >Kombinovani<\/h4><\/header><div class='iconlist_content '  itemprop=\"text\" ><\/div><\/div><footer class=\"entry-footer\"><\/footer><\/article><div class=\"iconlist-timeline\"><\/div><\/li>\n<\/ul><\/div><\/p><\/div><div class='av-flex-placeholder'><\/div>\n<style type=\"text\/css\" data-created_by=\"avia_inline_auto\" id=\"style-css-av-av_one_half-f11509cad843d2795481c6a029248798\">\n.flex_column.av-av_one_half-f11509cad843d2795481c6a029248798{\nborder-radius:0px 0px 0px 0px;\npadding:30px 30px 30px 30px;\nbackground-color:#4aaaa6;\n}\n<\/style>\n<div  class='flex_column av-av_one_half-f11509cad843d2795481c6a029248798 av_one_half  avia-builder-el-6  el_after_av_one_half  avia-builder-el-last  flex_column_table_cell av-equal-height-column av-align-middle  column-top-margin'     ><style type=\"text\/css\" data-created_by=\"avia_inline_auto\" id=\"style-css-av-k7c93ual-28e2df61a3d946b6c0bc035f4d6b64f9\">\n#top .av_textblock_section.av-k7c93ual-28e2df61a3d946b6c0bc035f4d6b64f9 .avia_textblock{\ncolor:#ffffff;\n}\n<\/style>\n<section  class='av_textblock_section av-k7c93ual-28e2df61a3d946b6c0bc035f4d6b64f9 '   itemscope=\"itemscope\" itemtype=\"https:\/\/schema.org\/CreativeWork\" ><div class='avia_textblock av_inherit_color'  itemprop=\"text\" ><p>W\u00e4hrend der Behandlung kann Ihr Zahnarzt eine provisorische Krone aufsetzen, um den Zahn zu sch\u00fctzen und Ihnen somit eine normale Funktion bis zum Aufbau einer Dauerl\u00f6sung durch eine Krone, zu erm\u00f6glichen.<\/p>\n<p>Alle unsere Fachkr\u00e4fte\/Spezialisten sind achtsam ausgew\u00e4hlt worden und sind ihrer Besch\u00e4ftigung und der hohen Qualit\u00e4t bei prothetischen Arbeiten vollkommen gewidmet. Das Vunjak Team setzt sich aus Zahn\u00e4rzten zusammen, die f\u00fcr alle Zust\u00e4nde eine effiziente L\u00f6sung haben und eine h\u00f6hst qualitative Pflege und Behandlung gew\u00e4hrleisten.<\/p>\n<\/div><\/section><\/div><\/div><!--close column table wrapper. Autoclose: 1 --><\/div><\/div><\/div><!-- close content main div --><\/div><\/div>\n<style type=\"text\/css\" data-created_by=\"avia_inline_auto\" id=\"style-css-av-av_section-ce70cb1c38d13a1199aa239d1e611648\">\n.avia-section.av-av_section-ce70cb1c38d13a1199aa239d1e611648{\nbackground-color:#efece3;\nbackground-image:unset;\n}\n<\/style>\n<div id='av_section_2'  class='avia-section av-av_section-ce70cb1c38d13a1199aa239d1e611648 main_color avia-section-default avia-no-border-styling  avia-builder-el-8  el_after_av_section  el_before_av_one_full  avia-bg-style-scroll container_wrap fullsize'  ><div class='container av-section-cont-open' ><div class='template-page content  av-content-full alpha units'><div class='post-entry post-entry-type-page post-entry-8677'><div class='entry-content-wrapper clearfix'>\n<div class='flex_column_table av-av_one_third-e59e19aacd6ad641f3f8fef6767a091e sc-av_one_third av-equal-height-column-flextable'>\n<style type=\"text\/css\" data-created_by=\"avia_inline_auto\" id=\"style-css-av-av_one_third-e59e19aacd6ad641f3f8fef6767a091e\">\n.flex_column.av-av_one_third-e59e19aacd6ad641f3f8fef6767a091e{\nborder-radius:0px 0px 0px 0px;\npadding:30px 30px 30px 30px;\nbackground-color:#4aaaa6;\n}\n<\/style>\n<div  class='flex_column av-av_one_third-e59e19aacd6ad641f3f8fef6767a091e av_one_third  avia-builder-el-9  el_before_av_one_half  avia-builder-el-first  first flex_column_table_cell av-equal-height-column av-align-middle  '     ><style type=\"text\/css\" data-created_by=\"avia_inline_auto\" id=\"style-css-av-av_font_icon-a0de1d6e5ed4acc941693d53db7ce41b\">\n.av_font_icon.av-av_font_icon-a0de1d6e5ed4acc941693d53db7ce41b{\ncolor:#ffffff;\nborder-color:#ffffff;\n}\n.av_font_icon.av-av_font_icon-a0de1d6e5ed4acc941693d53db7ce41b .av-icon-char{\nfont-size:85px;\nline-height:85px;\n}\n<\/style>\n<span  class='av_font_icon av-av_font_icon-a0de1d6e5ed4acc941693d53db7ce41b avia_animate_when_visible av-icon-style- avia-icon-pos-center avia-icon-animate'><span class='av-icon-char' aria-hidden='true' data-av_icon='\uf109' data-av_iconfont='flaticon' ><\/span><\/span><\/div><div class='av-flex-placeholder'><\/div>\n<style type=\"text\/css\" data-created_by=\"avia_inline_auto\" id=\"style-css-av-av_one_half-c8fc129dc35fd1ae2a1e410224d39ea8\">\n.flex_column.av-av_one_half-c8fc129dc35fd1ae2a1e410224d39ea8{\nborder-radius:0px 0px 0px 0px;\npadding:0px 0px 0px 0px;\n}\n<\/style>\n<div  class='flex_column av-av_one_half-c8fc129dc35fd1ae2a1e410224d39ea8 av_one_half  avia-builder-el-11  el_after_av_one_third  avia-builder-el-last  flex_column_table_cell av-equal-height-column av-align-middle av-zero-column-padding  '     ><section  class='av_textblock_section av-k7c94wpb-77b4a44adbcf611869ef63e79524831f '   itemscope=\"itemscope\" itemtype=\"https:\/\/schema.org\/CreativeWork\" ><div class='avia_textblock'  itemprop=\"text\" ><h4>Wichtiger Hinweis<\/h4>\n<p>Die Auswahl Ihres Zahnersatzes ist das Ergebnis einer kompletten Analyse, die zahlreiche Kriterien erf\u00fcllen muss, mitinbegriffen Ihren gesundheitlichen Allgemeinzustand, Ihre \u00e4sthetischen W\u00fcnsche\/Auswahl, Ihre Lebensgewohnheiten, den Zustand Ihrer Z\u00e4hne usw. Der Zahnarzt aus dem Vunjak Team wird Sie beraten und Ihnen seine fachliche Meinung darlegen, damit Sie sichergehen f\u00fcr sich die bestm\u00f6gliche L\u00f6sung zu erhalten.<\/p>\n<\/div><\/section><br \/>\n<div  class='avia-button-wrap av-k7c95b4j-7fc84230d1a52f3178f7bd595e74d41b-wrap avia-button-left  avia-builder-el-13  el_after_av_textblock  avia-builder-el-last '>\n<style type=\"text\/css\" data-created_by=\"avia_inline_auto\" id=\"style-css-av-k7c95b4j-7fc84230d1a52f3178f7bd595e74d41b\">\n#top #wrap_all .avia-button.av-k7c95b4j-7fc84230d1a52f3178f7bd595e74d41b{\nbackground-color:#e60028;\nborder-color:#e60028;\ncolor:#ffffff;\ntransition:all 0.4s ease-in-out;\n}\n<\/style>\n<a href='\/kontakt\/'  class='avia-button av-k7c95b4j-7fc84230d1a52f3178f7bd595e74d41b av-link-btn avia-icon_select-yes-right-icon avia-size-medium avia-position-left av-icon-on-hover'   aria-label=\"SAGEN SIE EINE UNTERSUCHUNG AN\"><span class='avia_iconbox_title' >SAGEN SIE EINE UNTERSUCHUNG AN<\/span><span class='avia_button_icon avia_button_icon_right' aria-hidden='true' data-av_icon='\ue879' data-av_iconfont='entypo-fontello'><\/span><\/a><\/div><\/p><\/div><\/div><!--close column table wrapper. Autoclose: 1 --><\/div><\/div><\/div><!-- close content main div --><\/div><\/div><div id='after_section_2'  class='main_color av_default_container_wrap container_wrap fullsize'  ><div class='container av-section-cont-open' ><div class='template-page content  av-content-full alpha units'><div class='post-entry post-entry-type-page post-entry-8677'><div class='entry-content-wrapper clearfix'>\n<style type=\"text\/css\" data-created_by=\"avia_inline_auto\" id=\"style-css-av-av_one_full-15d750bd1b332b34c6e70b077ebbccdf\">\n.flex_column.av-av_one_full-15d750bd1b332b34c6e70b077ebbccdf{\nborder-radius:0px 0px 0px 0px;\npadding:0px 0px 0px 0px;\n}\n<\/style>\n<div  class='flex_column av-av_one_full-15d750bd1b332b34c6e70b077ebbccdf av_one_full  avia-builder-el-14  el_after_av_section  avia-builder-el-no-sibling  first flex_column_div av-zero-column-padding  '     ><section  class='av_textblock_section av-av_textblock-2de302bf1aa3cf4c9157dbe6f50ac7eb '   itemscope=\"itemscope\" itemtype=\"https:\/\/schema.org\/CreativeWork\" ><div class='avia_textblock'  itemprop=\"text\" ><h3 style=\"text-align: center;\">VUNJAK TIM BAZA ZNANJA<\/h3>\n<p style=\"text-align: center;\">Zanimljivi i korisni tekstovi iz sveta stomatologija<\/p>\n<\/div><\/section><br \/>\n<\/p><\/div><\/p>\n","protected":false},"excerpt":{"rendered":"","protected":false},"author":5,"featured_media":0,"parent":0,"menu_order":0,"comment_status":"closed","ping_status":"closed","template":"","meta":{"footnotes":""},"class_list":["post-8677","page","type-page","status-publish","hentry"],"aioseo_notices":[],"_links":{"self":[{"href":"https:\/\/vunjak.rs\/de\/wp-json\/wp\/v2\/pages\/8677","targetHints":{"allow":["GET"]}}],"collection":[{"href":"https:\/\/vunjak.rs\/de\/wp-json\/wp\/v2\/pages"}],"about":[{"href":"https:\/\/vunjak.rs\/de\/wp-json\/wp\/v2\/types\/page"}],"author":[{"embeddable":true,"href":"https:\/\/vunjak.rs\/de\/wp-json\/wp\/v2\/users\/5"}],"replies":[{"embeddable":true,"href":"https:\/\/vunjak.rs\/de\/wp-json\/wp\/v2\/comments?post=8677"}],"version-history":[{"count":3,"href":"https:\/\/vunjak.rs\/de\/wp-json\/wp\/v2\/pages\/8677\/revisions"}],"predecessor-version":[{"id":8681,"href":"https:\/\/vunjak.rs\/de\/wp-json\/wp\/v2\/pages\/8677\/revisions\/8681"}],"wp:attachment":[{"href":"https:\/\/vunjak.rs\/de\/wp-json\/wp\/v2\/media?parent=8677"}],"curies":[{"name":"wp","href":"https:\/\/api.w.org\/{rel}","templated":true}]}}