{"id":8657,"date":"2018-05-04T17:12:11","date_gmt":"2018-05-04T17:12:11","guid":{"rendered":"https:\/\/vunjak.rs\/?page_id=8657"},"modified":"2020-03-04T06:42:09","modified_gmt":"2020-03-04T06:42:09","slug":"ortodoncija","status":"publish","type":"page","link":"https:\/\/vunjak.rs\/de\/ortodoncija\/","title":{"rendered":"Ortodoncija"},"content":{"rendered":"<div id='full_slider_1'  class='avia-fullwidth-slider main_color avia-shadow   avia-builder-el-0  el_before_av_section  avia-builder-el-first   container_wrap fullsize'  >\n<style type=\"text\/css\" data-created_by=\"avia_inline_auto\" id=\"style-css-av-jr0h5e0b-27852eec1234728a10128c595dbe7a7e\">\n#top #wrap_all .avia-slideshow .av-slideshow-caption.av-jr0h5e0b-27852eec1234728a10128c595dbe7a7e__0 .avia-caption-title{\nfont-size:42px;\n}\n#top .avia-slideshow .av-slideshow-caption.av-jr0h5e0b-27852eec1234728a10128c595dbe7a7e__0 .avia-caption-content{\nfont-size:16px;\n}\n#top .avia-slideshow .av-slideshow-caption.av-jr0h5e0b-27852eec1234728a10128c595dbe7a7e__0 .avia-caption-content p{\nfont-size:16px;\n}\n<\/style>\n<div  class='avia-slideshow av-jr0h5e0b-27852eec1234728a10128c595dbe7a7e avia-slideshow-no scaling av_slideshow_full avia-slide-slider av-slideshow-ui av-control-default av-slideshow-manual av-loop-once av-loop-manual-endless av-default-height-applied   avia-slideshow-1' data-slideshow-options=\"{&quot;animation&quot;:&quot;slide&quot;,&quot;autoplay&quot;:false,&quot;loop_autoplay&quot;:&quot;once&quot;,&quot;interval&quot;:5,&quot;loop_manual&quot;:&quot;manual-endless&quot;,&quot;autoplay_stopper&quot;:false,&quot;noNavigation&quot;:false,&quot;bg_slider&quot;:false,&quot;keep_padding&quot;:false,&quot;hoverpause&quot;:false,&quot;show_slide_delay&quot;:0}\"  itemprop=\"image\" itemscope=\"itemscope\" itemtype=\"https:\/\/schema.org\/ImageObject\" ><ul class='avia-slideshow-inner ' style='padding-bottom: 44.717573221757%;'><li  class='avia-slideshow-slide av-jr0h5e0b-27852eec1234728a10128c595dbe7a7e__0  av-single-slide slide-1 slide-odd'><div data-rel='slideshow-1' class='avia-slide-wrap '   ><div class='av-slideshow-caption av-jr0h5e0b-27852eec1234728a10128c595dbe7a7e__0 caption_fullwidth caption_left'><div class=\"container caption_container\"><div class=\"slideshow_caption\"><div class=\"slideshow_inner_caption\"><div class=\"slideshow_align_caption\"><h2 class='avia-caption-title '  itemprop=\"name\" >G\u00f6nnen Sie sich ein vollendetes L\u00e4cheln<\/h2><div class='avia-caption-content '  itemprop=\"description\" ><p>Wie dies bei unseren Patienten schon 15 Jahre der Fall ist.<\/p>\n<\/div><a href='\/kontakt\/'  class='avia-slideshow-button avia-button avia-color-red ' data-duration='800' data-easing='easeInOutQuad'>SAGEN SIE EINE UNTERSUCHUNG AN<\/a><\/div><\/div><\/div><\/div><\/div><img decoding=\"async\" fetchpriority=\"high\" class=\"wp-image-8715 avia-img-lazy-loading-not-8715\"  src=\"https:\/\/vunjak.rs\/wp-content\/uploads\/2019\/01\/stomatoloska-ordinacija-vunjak-dental-clinic-stomatolog-pregled-zuba-3.jpg\" width=\"1912\" height=\"855\" title='stomatoloska-ordinacija-vunjak-dental-clinic-stomatolog-pregled-zuba-3' alt=''  itemprop=\"thumbnailUrl\"   \/><div class='av-section-color-overlay' style='opacity: 0.3; background-color: #151515; '><\/div><\/div><\/li><\/ul><\/div><\/div>\n<div id='av_section_1'  class='avia-section av-mf6m2p-cdb420de0e351728a8662efca0d0c415 main_color avia-section-default avia-no-border-styling  avia-builder-el-1  el_after_av_slideshow_full  el_before_av_one_half  avia-bg-style-scroll container_wrap fullsize'  ><div class='container av-section-cont-open' ><div class='template-page content  av-content-full alpha units'><div class='post-entry post-entry-type-page post-entry-8657'><div class='entry-content-wrapper clearfix'>\n<section  class='av_textblock_section av-k7c7wcdd-0dbee1e49b5159baaf5c63b16eab0489 '   itemscope=\"itemscope\" itemtype=\"https:\/\/schema.org\/CreativeWork\" ><div class='avia_textblock'  itemprop=\"text\" ><h3 style=\"text-align: center;\">ORTHODONTIE<\/h3>\n<p style=\"text-align: center;\">Unter Orthodontie wird die Korrektur der Zahnstellung verstanden, damit eine harmonische Zahnreihe erhalten wird. Einerseits aus \u00e4sthetischen Gr\u00fcnden und eines sch\u00f6nen L\u00e4chelns, andererseits bzw. vor allem, wegen Erhaltung und Optimierung der Oralgesundheit.<\/p>\n<\/div><\/section>\n<\/div><\/div><\/div><!-- close content main div --><\/div><\/div><div id='after_section_1'  class='main_color av_default_container_wrap container_wrap fullsize'  ><div class='container av-section-cont-open' ><div class='template-page content  av-content-full alpha units'><div class='post-entry post-entry-type-page post-entry-8657'><div class='entry-content-wrapper clearfix'>\n<div class='flex_column_table av-jr0h8tyj-56d53359f2b806a9e025b42c281d76ac sc-av_one_half av-equal-height-column-flextable'>\n<style type=\"text\/css\" data-created_by=\"avia_inline_auto\" id=\"style-css-av-jr0h8tyj-56d53359f2b806a9e025b42c281d76ac\">\n.flex_column.av-jr0h8tyj-56d53359f2b806a9e025b42c281d76ac{\nborder-radius:0px 0px 0px 0px;\npadding:0 0 0 0;\n}\n<\/style>\n<div  class='flex_column av-jr0h8tyj-56d53359f2b806a9e025b42c281d76ac av_one_half  avia-builder-el-3  el_after_av_section  el_before_av_one_half  avia-builder-el-first  first no_margin flex_column_table_cell av-equal-height-column av-align-top av-zero-column-padding  '     ><style type=\"text\/css\" data-created_by=\"avia_inline_auto\" id=\"style-css-av-jr0h7b1z-808630d65461dfc1cc83ad5d1df7c6c5\">\n.avia-image-container.av-jr0h7b1z-808630d65461dfc1cc83ad5d1df7c6c5 img.avia_image{\nbox-shadow:none;\n}\n.avia-image-container.av-jr0h7b1z-808630d65461dfc1cc83ad5d1df7c6c5 .av-image-caption-overlay-center{\ncolor:#ffffff;\n}\n<\/style>\n<div  class='avia-image-container av-jr0h7b1z-808630d65461dfc1cc83ad5d1df7c6c5 av-styling- avia-align-center  avia-builder-el-4  avia-builder-el-no-sibling '   itemprop=\"image\" itemscope=\"itemscope\" itemtype=\"https:\/\/schema.org\/ImageObject\" ><div class=\"avia-image-container-inner\"><div class=\"avia-image-overlay-wrap\"><img decoding=\"async\" fetchpriority=\"high\" class='wp-image-4292 avia-img-lazy-loading-not-4292 avia_image ' src=\"https:\/\/vunjak.rs\/wp-content\/uploads\/2019\/01\/stomatoloska-ordinacija-vunjak-dental-clinic-zubna-proteza-2.jpg\" alt='stomatoloska-ordinacija-vunjak-dental-clinic-zubna-proteza-2' title='stomatoloska-ordinacija-vunjak-dental-clinic-zubna-proteza-2'  height=\"535\" width=\"605\"  itemprop=\"thumbnailUrl\"  \/><\/div><\/div><\/div><\/div>\n\n<style type=\"text\/css\" data-created_by=\"avia_inline_auto\" id=\"style-css-av-k129f5-26690e4ce73939b5f0f09d6e1a74f475\">\n.flex_column.av-k129f5-26690e4ce73939b5f0f09d6e1a74f475{\nborder-radius:0px 0px 0px 0px;\npadding:15% 7% 0 7%;\nbackground-color:#4aaaa6;\n}\n<\/style>\n<div  class='flex_column av-k129f5-26690e4ce73939b5f0f09d6e1a74f475 av_one_half  avia-builder-el-5  el_after_av_one_half  el_before_av_one_half  no_margin flex_column_table_cell av-equal-height-column av-align-top  '     ><style type=\"text\/css\" data-created_by=\"avia_inline_auto\" id=\"style-css-av-k7c7wym8-f904e8f84d26708ec286de7d2268a23b\">\n#top .av_textblock_section.av-k7c7wym8-f904e8f84d26708ec286de7d2268a23b .avia_textblock{\ncolor:#ffffff;\n}\n<\/style>\n<section  class='av_textblock_section av-k7c7wym8-f904e8f84d26708ec286de7d2268a23b '   itemscope=\"itemscope\" itemtype=\"https:\/\/schema.org\/CreativeWork\" ><div class='avia_textblock av_inherit_color'  itemprop=\"text\" ><h3 style=\"text-align: center;\">ORTHODONTIE BEI KINDERN<\/h3>\n<p>U starosti od 6. do 9. godine va\u017eno je da sa svojim detetom posetite ortodonta kako bi na vreme postavio dijagnozu i uo\u010dio ukoliko postoji problem za va\u0161e dete i potreba za ortodontskim le\u010denjem.<\/p>\n<p>Wenn Ihr Kind 6 bis 9 Jahre alt ist, ist es \u00e4u\u00dferst wichtig einen Kieferorthop\u00e4den zu besuchen, um rechtzeitig eine Diagnose zu erstellen, bzw. um festzustellen, ob eventuelle Schwierigkeiten bei Ihrem Kind bestehen und orthodontische Ma\u00dfnahmen vorgenommen werden m\u00fcssen.<br \/>\nJe eher eine Diagnose erstellt wird, desto k\u00fcrzer wird die Behandlungszeit ausfallen und ebenso wird die Dauer der Unbehaglichkeit, die Ihr Kind empfindet verk\u00fcrzt.<\/p>\n<\/div><\/section><\/div><\/div><!--close column table wrapper. Autoclose: 1 -->\n<div class='flex_column_table av-1yamcx-4efb001803b7bb832c916d62f2cfae9e sc-av_one_half av-equal-height-column-flextable'>\n<style type=\"text\/css\" data-created_by=\"avia_inline_auto\" id=\"style-css-av-1yamcx-4efb001803b7bb832c916d62f2cfae9e\">\n.flex_column.av-1yamcx-4efb001803b7bb832c916d62f2cfae9e{\nborder-radius:0px 0px 0px 0px;\npadding:15% 7% 0 7%;\nbackground-color:#4aaaa6;\n}\n<\/style>\n<div  class='flex_column av-1yamcx-4efb001803b7bb832c916d62f2cfae9e av_one_half  avia-builder-el-7  el_after_av_one_half  el_before_av_one_half  first no_margin flex_column_table_cell av-equal-height-column av-align-top  column-top-margin'     ><style type=\"text\/css\" data-created_by=\"avia_inline_auto\" id=\"style-css-av-k7c7y90x-500eea28ffa98e492a47759ff250b562\">\n#top .av_textblock_section.av-k7c7y90x-500eea28ffa98e492a47759ff250b562 .avia_textblock{\ncolor:#ffffff;\n}\n<\/style>\n<section  class='av_textblock_section av-k7c7y90x-500eea28ffa98e492a47759ff250b562 '   itemscope=\"itemscope\" itemtype=\"https:\/\/schema.org\/CreativeWork\" ><div class='avia_textblock av_inherit_color'  itemprop=\"text\" ><h3 style=\"text-align: center;\">ORTHODONTIE F\u00dcR ERWACHSENE<\/h3>\n<p>Erwachsene schenken der Notwendigkeit nach Orthodontie oft keine Achtung. Die Okklusion, der Ber\u00fchrungspunkt, Zahnabrasion (Abbau) \u2013 sind Faktoren, welche, wenn sie unbeachtet, nicht \u00fcberpr\u00fcft und nicht korrigiert werden, bedeutsame Probleme verursachen k\u00f6nnen.<br \/>\nDie modernsten Techniken in der Kieferorthop\u00e4die f\u00fcr Erwachsene zeigen einen gro\u00dfen Fortschritt in Bezug auf Effizienz, kurzen Zeitaufwand, \u00c4sthetik und Bequemlichkeit. Heutzutage sind sogar \u201eunsichtbare\u201c kieferorthop\u00e4dische Leistungen m\u00f6glich.<\/p>\n<\/div><\/section><\/div>\n\n<style type=\"text\/css\" data-created_by=\"avia_inline_auto\" id=\"style-css-av-hd41kh-9eea847931eed1ae976a561619ec2dff\">\n.flex_column.av-hd41kh-9eea847931eed1ae976a561619ec2dff{\nborder-radius:0px 0px 0px 0px;\npadding:0px 0px 0px 0px;\n}\n<\/style>\n<div  class='flex_column av-hd41kh-9eea847931eed1ae976a561619ec2dff av_one_half  avia-builder-el-9  el_after_av_one_half  el_before_av_one_full  no_margin flex_column_table_cell av-equal-height-column av-align-top av-zero-column-padding  column-top-margin'     ><style type=\"text\/css\" data-created_by=\"avia_inline_auto\" id=\"style-css-av-fzgx5d-01d1b146b230afc7dbb9229c5f5770d9\">\n.avia-image-container.av-fzgx5d-01d1b146b230afc7dbb9229c5f5770d9 img.avia_image{\nbox-shadow:none;\n}\n.avia-image-container.av-fzgx5d-01d1b146b230afc7dbb9229c5f5770d9 .av-image-caption-overlay-center{\ncolor:#ffffff;\n}\n<\/style>\n<div  class='avia-image-container av-fzgx5d-01d1b146b230afc7dbb9229c5f5770d9 av-styling- avia-align-center  avia-builder-el-10  avia-builder-el-no-sibling '   itemprop=\"image\" itemscope=\"itemscope\" itemtype=\"https:\/\/schema.org\/ImageObject\" ><div class=\"avia-image-container-inner\"><div class=\"avia-image-overlay-wrap\"><img decoding=\"async\" fetchpriority=\"high\" class='avia-img-lazy-loading-not- avia_image ' src=\"http:\/\/vunjak.rs\/wp-content\/uploads\/2018\/05\/stomatolog-beograd-stomatoloska-ordinacija-vunjak-tim-ortodoncija-za-odrasle.jpg\" alt='' title=''   itemprop=\"thumbnailUrl\"  \/><\/div><\/div><\/div><\/div><\/div><!--close column table wrapper. Autoclose: 1 -->\n\n<style type=\"text\/css\" data-created_by=\"avia_inline_auto\" id=\"style-css-av-evkvm9-19fc9d3b7360f5e0808fae5fea482230\">\n.flex_column.av-evkvm9-19fc9d3b7360f5e0808fae5fea482230{\nborder-radius:0px 0px 0px 0px;\npadding:0px 0px 0px 0px;\n}\n<\/style>\n<div  class='flex_column av-evkvm9-19fc9d3b7360f5e0808fae5fea482230 av_one_full  avia-builder-el-11  el_after_av_one_half  el_before_av_section  avia-builder-el-last  first flex_column_div av-zero-column-padding  column-top-margin'     ><p>\n<style type=\"text\/css\" data-created_by=\"avia_inline_auto\" id=\"style-css-av-k7c80uan-0503b19ab8902ed4bca032d2e506ac3f\">\n#top .av-special-heading.av-k7c80uan-0503b19ab8902ed4bca032d2e506ac3f{\npadding-bottom:10px;\n}\nbody .av-special-heading.av-k7c80uan-0503b19ab8902ed4bca032d2e506ac3f .av-special-heading-tag .heading-char{\nfont-size:25px;\n}\n.av-special-heading.av-k7c80uan-0503b19ab8902ed4bca032d2e506ac3f .av-subheading{\nfont-size:15px;\n}\n<\/style>\n<div  class='av-special-heading av-k7c80uan-0503b19ab8902ed4bca032d2e506ac3f av-special-heading-h3 blockquote modern-quote modern-centered  avia-builder-el-12  el_before_av_textblock  avia-builder-el-first '><div class='av-subheading av-subheading_above'><p>Oft lautet unser Spruch<\/p>\n<\/div><h3 class='av-special-heading-tag '  itemprop=\"headline\"  >Verbergen Sie Ihre Prothese aber nicht Ihr L\u00e4cheln<\/h3><div class=\"special-heading-border\"><div class=\"special-heading-inner-border\"><\/div><\/div><\/div><br \/>\n<section  class='av_textblock_section av-k7c8168g-1fa679672f97b74e67ea1d49055f2b9b '   itemscope=\"itemscope\" itemtype=\"https:\/\/schema.org\/CreativeWork\" ><div class='avia_textblock'  itemprop=\"text\" ><p>Unser Spezialist f\u00fcr die Orthodontie verf\u00fcgt \u00fcber die Lizenz f\u00fcr die Incognito Lingualtechnik. Darunter wird die Erstellung von vollkommen individuellen goldenen Zahnschl\u00f6ssern f\u00fcr jeden einzelnen Zahn verstanden. Dies stellt derzeit die beste Lingualtechnik weltweit dar.<\/p>\n<\/div><\/section><\/p><\/div>\n<\/div><\/div><\/div><!-- close content main div --><\/div><\/div>\n<style type=\"text\/css\" data-created_by=\"avia_inline_auto\" id=\"style-css-av-c7rsy9-ee48e493a0d1083ce3cc9c2bc0a6eb5d\">\n.avia-section.av-c7rsy9-ee48e493a0d1083ce3cc9c2bc0a6eb5d{\nbackground-color:#efece3;\nbackground-image:unset;\n}\n<\/style>\n<div id='av_section_2'  class='avia-section av-c7rsy9-ee48e493a0d1083ce3cc9c2bc0a6eb5d main_color avia-section-default avia-no-border-styling  avia-builder-el-14  el_after_av_one_full  el_before_av_one_full  avia-bg-style-scroll container_wrap fullsize'  ><div class='container av-section-cont-open' ><div class='template-page content  av-content-full alpha units'><div class='post-entry post-entry-type-page post-entry-8657'><div class='entry-content-wrapper clearfix'>\n<div class='flex_column_table av-b8e86p-e9f5c0b415ad2e7714b3b440655dc86a sc-av_one_third av-equal-height-column-flextable'>\n<style type=\"text\/css\" data-created_by=\"avia_inline_auto\" id=\"style-css-av-b8e86p-e9f5c0b415ad2e7714b3b440655dc86a\">\n.flex_column.av-b8e86p-e9f5c0b415ad2e7714b3b440655dc86a{\nborder-radius:0px 0px 0px 0px;\npadding:30px 30px 30px 30px;\nbackground-color:#4aaaa6;\n}\n<\/style>\n<div  class='flex_column av-b8e86p-e9f5c0b415ad2e7714b3b440655dc86a av_one_third  avia-builder-el-15  el_before_av_two_third  avia-builder-el-first  first flex_column_table_cell av-equal-height-column av-align-middle  '     ><style type=\"text\/css\" data-created_by=\"avia_inline_auto\" id=\"style-css-av-8i59xt-3e83a6b4b9cb6873d62f0e2d9b50ae74\">\n.av_font_icon.av-8i59xt-3e83a6b4b9cb6873d62f0e2d9b50ae74{\ncolor:#ffffff;\nborder-color:#ffffff;\n}\n.av_font_icon.av-8i59xt-3e83a6b4b9cb6873d62f0e2d9b50ae74 .av-icon-char{\nfont-size:85px;\nline-height:85px;\n}\n<\/style>\n<span  class='av_font_icon av-8i59xt-3e83a6b4b9cb6873d62f0e2d9b50ae74 avia_animate_when_visible av-icon-style- avia-icon-pos-center avia-icon-animate'><span class='av-icon-char' aria-hidden='true' data-av_icon='\uf109' data-av_iconfont='flaticon' ><\/span><\/span><\/div><div class='av-flex-placeholder'><\/div>\n<style type=\"text\/css\" data-created_by=\"avia_inline_auto\" id=\"style-css-av-7kxadt-f3f8c1936816e99238fbca3fa7b1bc59\">\n.flex_column.av-7kxadt-f3f8c1936816e99238fbca3fa7b1bc59{\nborder-radius:0px 0px 0px 0px;\npadding:0px 0px 0px 0px;\n}\n<\/style>\n<div  class='flex_column av-7kxadt-f3f8c1936816e99238fbca3fa7b1bc59 av_two_third  avia-builder-el-17  el_after_av_one_third  avia-builder-el-last  flex_column_table_cell av-equal-height-column av-align-middle av-zero-column-padding  '     ><section  class='av_textblock_section av-k7c82ofj-8d3a1b8f2d5a9bab4ec06067d6d7ff53 '   itemscope=\"itemscope\" itemtype=\"https:\/\/schema.org\/CreativeWork\" ><div class='avia_textblock'  itemprop=\"text\" ><h4>Wichtiger Hinweis<\/h4>\n<p>Nehmen Sie regelm\u00e4\u00dfige Kontrolluntersuchungen vor, ein oder mehrere fehlende Z\u00e4hne sind verschlechtende Faktoren, die in einem Moment zur Zahnlockerung und dem Verlust auch von anderen Z\u00e4hnen f\u00fchren. Nehmen Sie sich die Zeit uns zur Beratung aufzusuchen oder sagen Sie eine Kontrolluntersuchung beim Kieferorthop\u00e4den f\u00fcr Ihr Kind an, der eine richtige Diagnose erstellt und Ihnen kompetent mit Rat und Tat zur Seite stehen wird.<\/p>\n<\/div><\/section><br \/>\n<div  class='avia-button-wrap av-k7c8302u-fb5936f2a112824b6d4b13529bce3e05-wrap avia-button-left  avia-builder-el-19  el_after_av_textblock  avia-builder-el-last '>\n<style type=\"text\/css\" data-created_by=\"avia_inline_auto\" id=\"style-css-av-k7c8302u-fb5936f2a112824b6d4b13529bce3e05\">\n#top #wrap_all .avia-button.av-k7c8302u-fb5936f2a112824b6d4b13529bce3e05{\nbackground-color:#e60028;\nborder-color:#e60028;\ncolor:#ffffff;\ntransition:all 0.4s ease-in-out;\n}\n<\/style>\n<a href='\/kontakt\/'  class='avia-button av-k7c8302u-fb5936f2a112824b6d4b13529bce3e05 av-link-btn avia-icon_select-yes-right-icon avia-size-medium avia-position-left av-icon-on-hover'   aria-label=\"SAGEN SIE EINEN UNTERSUCHUNGSTERMIN AN\"><span class='avia_iconbox_title' >SAGEN SIE EINEN UNTERSUCHUNGSTERMIN AN<\/span><span class='avia_button_icon avia_button_icon_right' aria-hidden='true' data-av_icon='\ue879' data-av_iconfont='entypo-fontello'><\/span><\/a><\/div><\/p><\/div><\/div><!--close column table wrapper. Autoclose: 1 -->\n<\/div><\/div><\/div><!-- close content main div --><\/div><\/div><div id='after_section_2'  class='main_color av_default_container_wrap container_wrap fullsize'  ><div class='container av-section-cont-open' ><div class='template-page content  av-content-full alpha units'><div class='post-entry post-entry-type-page post-entry-8657'><div class='entry-content-wrapper clearfix'>\n\n<style type=\"text\/css\" data-created_by=\"avia_inline_auto\" id=\"style-css-av-6gavs1-d29d00bee845a3dd1454f685602b0c32\">\n.flex_column.av-6gavs1-d29d00bee845a3dd1454f685602b0c32{\nborder-radius:0px 0px 0px 0px;\npadding:0px 0px 0px 0px;\n}\n<\/style>\n<div  class='flex_column av-6gavs1-d29d00bee845a3dd1454f685602b0c32 av_one_full  avia-builder-el-20  el_after_av_section  avia-builder-el-no-sibling  first flex_column_div av-zero-column-padding  '     ><section  class='av_textblock_section av-3inq75-5339d75d66d85e596d90313a519de638 '   itemscope=\"itemscope\" itemtype=\"https:\/\/schema.org\/CreativeWork\" ><div class='avia_textblock'  itemprop=\"text\" ><h3 style=\"text-align: center;\">VUNJAK TIM BAZA ZNANJA<\/h3>\n<p style=\"text-align: center;\">Zanimljivi i korisni tekstovi iz sveta stomatologija<\/p>\n<\/div><\/section><br \/>\n<\/p><\/div>\n","protected":false},"excerpt":{"rendered":"","protected":false},"author":5,"featured_media":0,"parent":0,"menu_order":0,"comment_status":"closed","ping_status":"closed","template":"","meta":{"footnotes":""},"class_list":["post-8657","page","type-page","status-publish","hentry"],"aioseo_notices":[],"_links":{"self":[{"href":"https:\/\/vunjak.rs\/de\/wp-json\/wp\/v2\/pages\/8657","targetHints":{"allow":["GET"]}}],"collection":[{"href":"https:\/\/vunjak.rs\/de\/wp-json\/wp\/v2\/pages"}],"about":[{"href":"https:\/\/vunjak.rs\/de\/wp-json\/wp\/v2\/types\/page"}],"author":[{"embeddable":true,"href":"https:\/\/vunjak.rs\/de\/wp-json\/wp\/v2\/users\/5"}],"replies":[{"embeddable":true,"href":"https:\/\/vunjak.rs\/de\/wp-json\/wp\/v2\/comments?post=8657"}],"version-history":[{"count":4,"href":"https:\/\/vunjak.rs\/de\/wp-json\/wp\/v2\/pages\/8657\/revisions"}],"predecessor-version":[{"id":8880,"href":"https:\/\/vunjak.rs\/de\/wp-json\/wp\/v2\/pages\/8657\/revisions\/8880"}],"wp:attachment":[{"href":"https:\/\/vunjak.rs\/de\/wp-json\/wp\/v2\/media?parent=8657"}],"curies":[{"name":"wp","href":"https:\/\/api.w.org\/{rel}","templated":true}]}}