{"id":8653,"date":"2018-05-05T22:42:11","date_gmt":"2018-05-05T22:42:11","guid":{"rendered":"https:\/\/vunjak.rs\/?page_id=8653"},"modified":"2025-06-17T10:54:53","modified_gmt":"2025-06-17T10:54:53","slug":"online-dijagnoza","status":"publish","type":"page","link":"https:\/\/vunjak.rs\/de\/online-dijagnoza\/","title":{"rendered":"Online-Diagnose"},"content":{"rendered":"<div  class='av_gmaps_sc_main_wrap av_gmaps_main_wrap '><div id='av_gmap_0' class='avia-google-map-container avia-google-map-sc av_gmaps_show_unconditionally av-no-fallback-img ' data-mapid='av_gmap_0'  style='height: 400px;'><a class=\"av_gmaps_browser_disabled av_text_confirm_link av_text_confirm_link_visible\" href=\"https:\/\/www.google.com\/maps\/search\/?api=1&#038;query=Brankova%2011%20%20Belgrad%20%20Serbien\" target=\"_blank\">Aufgrund deiner Datenschutz-Einstellungen k\u00f6nnen wir Ihnen die Karte nicht anzeigen. Klicken Sie hier, um die Karte in einem neuen Fenster zu \u00f6ffnen.<\/a><\/div><\/div>\n\n<style type=\"text\/css\" data-created_by=\"avia_inline_auto\" id=\"style-css-av-zkw2p-4ed590f03f9fc65bb82460cf3926e003\">\n.flex_column.av-zkw2p-4ed590f03f9fc65bb82460cf3926e003{\nborder-radius:0px 0px 0px 0px;\npadding:0px 0px 0px 0px;\n}\n<\/style>\n<div  class='flex_column av-zkw2p-4ed590f03f9fc65bb82460cf3926e003 av_one_half  avia-builder-el-1  el_after_av_google_map  el_before_av_one_half  avia-builder-el-first  first flex_column_div av-zero-column-padding  '     ><section  class='av_textblock_section av-jqqssj96-c5b51a6c7e8f1536956a09da7708f801 '   itemscope=\"itemscope\" itemtype=\"https:\/\/schema.org\/CreativeWork\" ><div class='avia_textblock'  itemprop=\"text\" ><h3 style=\"text-align: center;\">Kostenlose Online-Diagnose, schnell und einfach<\/h3>\n<p style=\"text-align: left;\">F\u00fcllen Sie das Formular aus und senden Sie Orthopan einen Schnappschuss und ein Foto Ihres L\u00e4chelns, damit wir Ihnen die optimale Behandlung vorschlagen k\u00f6nnen. Um Ihren aktuellen Zustand genauer zu beurteilen und zu definieren, ist es notwendig, dass die Fotos Ihren Biss mit m\u00f6glichst vielen sichtbaren Z\u00e4hnen von vorne, links und rechts zeigen. <\/p>\n<p>Nach der Beantragung und Feststellung Ihrer Diagnose melden wir uns bei Ihnen und erstellen Ihnen einen detaillierten Therapieplan, der die Behandlungsdauer, Kontrollh\u00e4ufigkeit und finanziellen Verpflichtungen beinhaltet.<\/p>\n<p><strong>Hinweis:<\/strong> Alle mit ** gekennzeichneten Felder sind Pflichtfelder und die maximale Gr\u00f6\u00dfe der hochzuladenden Dokumente betr\u00e4gt 2&nbsp;MB.<\/p>\n\n<div class=\"wpcf7 no-js\" id=\"wpcf7-f7924-o1\" lang=\"sr-RS\" dir=\"ltr\" data-wpcf7-id=\"7924\">\n<div class=\"screen-reader-response\"><p role=\"status\" aria-live=\"polite\" aria-atomic=\"true\"><\/p> <ul><\/ul><\/div>\n<form action=\"\/de\/wp-json\/wp\/v2\/pages\/8653#wpcf7-f7924-o1\" method=\"post\" class=\"wpcf7-form init\" aria-label=\"Contact form\" enctype=\"multipart\/form-data\" novalidate=\"novalidate\" data-status=\"init\">\n<fieldset class=\"hidden-fields-container\"><input type=\"hidden\" name=\"_wpcf7\" value=\"7924\" \/><input type=\"hidden\" name=\"_wpcf7_version\" value=\"6.1.4\" \/><input type=\"hidden\" name=\"_wpcf7_locale\" value=\"sr_RS\" \/><input type=\"hidden\" name=\"_wpcf7_unit_tag\" value=\"wpcf7-f7924-o1\" \/><input type=\"hidden\" name=\"_wpcf7_container_post\" value=\"0\" \/><input type=\"hidden\" name=\"_wpcf7_posted_data_hash\" value=\"\" \/><input type=\"hidden\" name=\"_wpcf7_recaptcha_response\" value=\"\" \/>\n<\/fieldset>\n<p><label> Ime i prezime**<br \/>\n<span class=\"wpcf7-form-control-wrap\" data-name=\"ime-prezime\"><input size=\"40\" maxlength=\"400\" class=\"wpcf7-form-control wpcf7-text wpcf7-validates-as-required\" aria-required=\"true\" aria-invalid=\"false\" value=\"\" type=\"text\" name=\"ime-prezime\" \/><\/span> <\/label>\n<\/p>\n<p><label> Email adresa**<br \/>\n<span class=\"wpcf7-form-control-wrap\" data-name=\"email-adresa\"><input size=\"40\" maxlength=\"400\" class=\"wpcf7-form-control wpcf7-email wpcf7-validates-as-required wpcf7-text wpcf7-validates-as-email\" aria-required=\"true\" aria-invalid=\"false\" value=\"\" type=\"email\" name=\"email-adresa\" \/><\/span> <\/label>\n<\/p>\n<p><label> Godina ro\u0111enja**<br \/>\n<span class=\"wpcf7-form-control-wrap\" data-name=\"kontakt-godiste\"><input size=\"40\" maxlength=\"400\" class=\"wpcf7-form-control wpcf7-text wpcf7-validates-as-required\" aria-required=\"true\" aria-invalid=\"false\" value=\"\" type=\"text\" name=\"kontakt-godiste\" \/><\/span> <\/label>\n<\/p>\n<p><label> Pol**<br \/>\n<span class=\"wpcf7-form-control-wrap\" data-name=\"pol\"><select class=\"wpcf7-form-control wpcf7-select wpcf7-validates-as-required\" aria-required=\"true\" aria-invalid=\"false\" name=\"pol\"><option value=\"Mu\u0161ki\">Mu\u0161ki<\/option><option value=\"\u017denski\">\u017denski<\/option><\/select><\/span> <\/label>\n<\/p>\n<p><label> Komentar<br \/>\n<span class=\"wpcf7-form-control-wrap\" data-name=\"kontakt-komentar\"><textarea cols=\"40\" rows=\"10\" maxlength=\"2000\" class=\"wpcf7-form-control wpcf7-textarea wpcf7-validates-as-required\" aria-required=\"true\" aria-invalid=\"false\" placeholder=\"Navesti tegobe, odnosno probleme zbog kojih se pacijent javlja, kao i \u017eelje i o\u010dekivani rezultat terapije\" name=\"kontakt-komentar\"><\/textarea><\/span> <\/label><br \/>\n<label> Ortopan snimak - ukoliko ga posedujete<br \/>\n<span class=\"wpcf7-form-control-wrap\" data-name=\"ortopan\"><input size=\"40\" class=\"wpcf7-form-control wpcf7-file\" accept=\".jpg,.jpeg,.png,.pdf,.doc,.docx\" aria-invalid=\"false\" type=\"file\" name=\"ortopan\" \/><\/span> <\/label>\n<\/p>\n<p><label> Fotografija zuba i lica, spreda**<br \/>\n<span class=\"wpcf7-form-control-wrap\" data-name=\"zubi-lice-napred\"><input size=\"40\" class=\"wpcf7-form-control wpcf7-file wpcf7-validates-as-required\" accept=\".jpg,.jpeg,.png,.pdf,.doc,.docx\" aria-required=\"true\" aria-invalid=\"false\" type=\"file\" name=\"zubi-lice-napred\" \/><\/span> <\/label>\n<\/p>\n<p><label> Fotografija zuba i lica, levi i desni polu-profil**<br \/>\n<span class=\"wpcf7-form-control-wrap\" data-name=\"zubi-lice-levo-desno\"><input size=\"40\" class=\"wpcf7-form-control wpcf7-file wpcf7-validates-as-required\" accept=\".jpg,.jpeg,.png,.pdf,.doc,.docx\" aria-required=\"true\" aria-invalid=\"false\" type=\"file\" name=\"zubi-lice-levo-desno\" \/><\/span> <\/label>\n<\/p>\n<p><label> Fotografija postoje\u0107e medicinske dokumentacije i predlo\u017eene terapije<br \/>\n<span class=\"wpcf7-form-control-wrap\" data-name=\"post-dokumentacija\"><input size=\"40\" class=\"wpcf7-form-control wpcf7-file\" accept=\".jpg,.jpeg,.png,.pdf,.doc,.docx\" aria-invalid=\"false\" type=\"file\" name=\"post-dokumentacija\" \/><\/span> <\/label>\n<\/p>\n<p><input class=\"wpcf7-form-control wpcf7-submit has-spinner\" type=\"submit\" value=\"Po\u0161aljite\" \/>\n<\/p><div class=\"wpcf7-response-output\" aria-hidden=\"true\"><\/div>\n<\/form>\n<\/div>\n\n<\/div><\/section><\/div>\n<style type=\"text\/css\" data-created_by=\"avia_inline_auto\" id=\"style-css-av-pd4vl-42ed482576a35bc0048db936793f03f8\">\n.flex_column.av-pd4vl-42ed482576a35bc0048db936793f03f8{\nborder-radius:0px 0px 0px 0px;\npadding:0px 0px 0px 0px;\n}\n<\/style>\n<div  class='flex_column av-pd4vl-42ed482576a35bc0048db936793f03f8 av_one_half  avia-builder-el-3  el_after_av_one_half  avia-builder-el-last  flex_column_div av-zero-column-padding  '     ><section  class='av_textblock_section av-jf89d-984b3485f80e232cfde4ae4b1bfb0312 '   itemscope=\"itemscope\" itemtype=\"https:\/\/schema.org\/CreativeWork\" ><div class='avia_textblock'  itemprop=\"text\" ><h3 style=\"text-align: center;\">BESUCHEN SIE UNS<\/h3>\n<p style=\"text-align: center;\">Nur einen Schritt von Ihnen entfernt im Zentrum der Stadt am Zeleni venc<\/p>\n<\/div><\/section><br \/>\n<article  class='iconbox iconbox_top av-e80ah-454c853871e8c790d889462dd3337237 av-no-box  avia-builder-el-5  el_after_av_textblock  el_before_av_icon_box '  itemscope=\"itemscope\" itemtype=\"https:\/\/schema.org\/CreativeWork\" ><div class=\"iconbox_content\"><header class=\"entry-content-header\" aria-label=\"Icon: Terminplanung und Notf\u00e4lle\"><div class=\"iconbox_icon heading-color\" aria-hidden='true' data-av_icon='\ue854' data-av_iconfont='entypo-fontello'><\/div><h3 class='iconbox_content_title '  itemprop=\"headline\" >Terminplanung und Notf\u00e4lle<\/h3><\/header><div class='iconbox_content_container '  itemprop=\"text\" ><p>+381113282481<br \/>\n <span>+381641209351<\/span><\/p>\n<\/div><\/div><footer class=\"entry-footer\"><\/footer><\/article><br \/>\n<article  class='iconbox iconbox_top av-6rm95-182a33f7df270f7aa9e982cc400756a6 av-no-box  avia-builder-el-6  el_after_av_icon_box  avia-builder-el-last '  itemscope=\"itemscope\" itemtype=\"https:\/\/schema.org\/CreativeWork\" ><div class=\"iconbox_content\"><header class=\"entry-content-header\" aria-label=\"Icon: Arbeitszeit\"><div class=\"iconbox_icon heading-color\" aria-hidden='true' data-av_icon='\ue862' data-av_iconfont='entypo-fontello'><\/div><h3 class='iconbox_content_title '  itemprop=\"headline\" >Arbeitszeit<\/h3><\/header><div class='iconbox_content_container '  itemprop=\"text\" ><p>WOCHENTAGS 10:00 \u2013 18:00<br \/>\n SAMSTAGS 09:00 \u2013 17:00<\/p>\n<\/div><\/div><footer class=\"entry-footer\"><\/footer><\/article><\/p><\/div><\/p>\n","protected":false},"excerpt":{"rendered":"","protected":false},"author":1,"featured_media":0,"parent":0,"menu_order":0,"comment_status":"closed","ping_status":"closed","template":"","meta":{"footnotes":""},"class_list":["post-8653","page","type-page","status-publish","hentry"],"aioseo_notices":[],"_links":{"self":[{"href":"https:\/\/vunjak.rs\/de\/wp-json\/wp\/v2\/pages\/8653","targetHints":{"allow":["GET"]}}],"collection":[{"href":"https:\/\/vunjak.rs\/de\/wp-json\/wp\/v2\/pages"}],"about":[{"href":"https:\/\/vunjak.rs\/de\/wp-json\/wp\/v2\/types\/page"}],"author":[{"embeddable":true,"href":"https:\/\/vunjak.rs\/de\/wp-json\/wp\/v2\/users\/1"}],"replies":[{"embeddable":true,"href":"https:\/\/vunjak.rs\/de\/wp-json\/wp\/v2\/comments?post=8653"}],"version-history":[{"count":8,"href":"https:\/\/vunjak.rs\/de\/wp-json\/wp\/v2\/pages\/8653\/revisions"}],"predecessor-version":[{"id":21726,"href":"https:\/\/vunjak.rs\/de\/wp-json\/wp\/v2\/pages\/8653\/revisions\/21726"}],"wp:attachment":[{"href":"https:\/\/vunjak.rs\/de\/wp-json\/wp\/v2\/media?parent=8653"}],"curies":[{"name":"wp","href":"https:\/\/api.w.org\/{rel}","templated":true}]}}