{"id":8627,"date":"2019-12-02T19:07:38","date_gmt":"2019-12-02T19:07:38","guid":{"rendered":"https:\/\/vunjak.rs\/?page_id=8627"},"modified":"2020-03-03T17:53:05","modified_gmt":"2020-03-03T17:53:05","slug":"dr-vukasin-janjovic","status":"publish","type":"page","link":"https:\/\/vunjak.rs\/de\/dr-vukasin-janjovic\/","title":{"rendered":"Dr Vuka\u0161in Janjovi\u0107"},"content":{"rendered":"\n<style type=\"text\/css\" data-created_by=\"avia_inline_auto\" id=\"style-css-av-k3ot24q7-948ca9708f7e87cfd38629b6209e2601\">\n.flex_column.av-k3ot24q7-948ca9708f7e87cfd38629b6209e2601{\nborder-radius:0px 0px 0px 0px;\npadding:0px 0px 0px 0px;\n}\n<\/style>\n<div  class='flex_column av-k3ot24q7-948ca9708f7e87cfd38629b6209e2601 av_one_half  avia-builder-el-0  el_before_av_one_half  avia-builder-el-first  first flex_column_div av-zero-column-padding  '     ><p>\n<style type=\"text\/css\" data-created_by=\"avia_inline_auto\" id=\"style-css-av-k3ot74h8-e160ac2c2ae9c6fd2e2d9f52b0b65f70\">\n.avia-image-container.av-k3ot74h8-e160ac2c2ae9c6fd2e2d9f52b0b65f70 img.avia_image{\nbox-shadow:none;\n}\n.avia-image-container.av-k3ot74h8-e160ac2c2ae9c6fd2e2d9f52b0b65f70 .av-image-caption-overlay-center{\ncolor:#ffffff;\n}\n<\/style>\n<div  class='avia-image-container av-k3ot74h8-e160ac2c2ae9c6fd2e2d9f52b0b65f70 av-styling- avia-align-left  avia-builder-el-1  el_before_av_hr  avia-builder-el-first '   itemprop=\"image\" itemscope=\"itemscope\" itemtype=\"https:\/\/schema.org\/ImageObject\" ><div class=\"avia-image-container-inner\"><div class=\"avia-image-overlay-wrap\"><img decoding=\"async\" fetchpriority=\"high\" class='wp-image-8629 avia-img-lazy-loading-not-8629 avia_image ' src=\"https:\/\/vunjak.rs\/wp-content\/uploads\/2019\/12\/IMG_9141-1.jpeg\" alt='' title='IMG_9141 (1)'  height=\"640\" width=\"427\"  itemprop=\"thumbnailUrl\" srcset=\"https:\/\/vunjak.rs\/wp-content\/uploads\/2019\/12\/IMG_9141-1.jpeg 427w, https:\/\/vunjak.rs\/wp-content\/uploads\/2019\/12\/IMG_9141-1-200x300.jpeg 200w\" sizes=\"(max-width: 427px) 100vw, 427px\" \/><\/div><\/div><\/div><br \/>\n\n<style type=\"text\/css\" data-created_by=\"avia_inline_auto\" id=\"style-css-av-k3otwueo-f9c17e6b8eedebcc03a12faa791c60bd\">\n#top .hr.hr-invisible.av-k3otwueo-f9c17e6b8eedebcc03a12faa791c60bd{\nheight:10px;\n}\n<\/style>\n<div  class='hr av-k3otwueo-f9c17e6b8eedebcc03a12faa791c60bd hr-invisible  avia-builder-el-2  el_after_av_image  el_before_av_textblock '><span class='hr-inner '><span class=\"hr-inner-style\"><\/span><\/span><\/div><br \/>\n<section  class='av_textblock_section av-k3otbdab-775dc002f547f21fe854ac2167cf4354 '   itemscope=\"itemscope\" itemtype=\"https:\/\/schema.org\/CreativeWork\" ><div class='avia_textblock'  itemprop=\"text\" ><h3 class=\"team-member-name kaushan\">Dr Vuka\u0161in Janjovi\u0107<\/h3>\n<p>Dr. med. dent.<\/p>\n<\/div><\/section><\/p><\/div>\n<style type=\"text\/css\" data-created_by=\"avia_inline_auto\" id=\"style-css-av-3auii0-fdc4d3ab9048c96c488d5d4d776e9485\">\n.flex_column.av-3auii0-fdc4d3ab9048c96c488d5d4d776e9485{\nborder-radius:0px 0px 0px 0px;\npadding:0px 0px 0px 0px;\n}\n<\/style>\n<div  class='flex_column av-3auii0-fdc4d3ab9048c96c488d5d4d776e9485 av_one_half  avia-builder-el-4  el_after_av_one_half  avia-builder-el-last  flex_column_div av-zero-column-padding  '     ><section  class='av_textblock_section av-k3otdy9b-827b4d66e54c80cd3194a9e4b14cbfa3 '   itemscope=\"itemscope\" itemtype=\"https:\/\/schema.org\/CreativeWork\" ><div class='avia_textblock'  itemprop=\"text\" ><h2 class=\"team-member-name kaushan\">LEBENSLAUF<\/h2>\n<p>Nach Abschluss des Gymnasiums in Ra\u0161ka, setzte er seine Ausbildung an der Fakult\u00e4t f\u00fcr Zahnmedizin der Universit\u00e4t Belgrad fort, wo er nach erfolgreichem Studium auch das Praktikum abgeschlossen hat.<br \/>\nW\u00e4hrend seines Studiums befasste er sich auch mit wissenschaftlichen Forschungsarbeiten, seine Arbeiten wurden bei inl\u00e4ndischen und ausl\u00e4ndischen Kongressen pr\u00e4sentiert. Als Student nahm er am internationalen Wettbewerb \u201eZahnarzt der Zukunft\u201c (Stomatolog budu\u0107nosti) teil, er nahm den ersten Platz ein.<br \/>\nZus\u00e4tzliche Erfahrung im Bereich der Zahnprothetik und Oralchirurgie erwarb er durch sein Selbstengagement an der Fakult\u00e4t.<br \/>\nEr ist Mitglied der Zahnarzt Kammer Serbiens und der Serbischen \u00c4rztevereinigung. Derzeit befindet er sich im Doktoratsstudium an der Fakult\u00e4t f\u00fcr Zahnmedizin in Belgrad.<br \/>\nEr spricht fl\u00fcssig Englisch.<\/p>\n<\/div><\/section><\/div><\/p>\n","protected":false},"excerpt":{"rendered":"","protected":false},"author":5,"featured_media":0,"parent":0,"menu_order":0,"comment_status":"closed","ping_status":"closed","template":"","meta":{"footnotes":""},"class_list":["post-8627","page","type-page","status-publish","hentry"],"aioseo_notices":[],"_links":{"self":[{"href":"https:\/\/vunjak.rs\/de\/wp-json\/wp\/v2\/pages\/8627","targetHints":{"allow":["GET"]}}],"collection":[{"href":"https:\/\/vunjak.rs\/de\/wp-json\/wp\/v2\/pages"}],"about":[{"href":"https:\/\/vunjak.rs\/de\/wp-json\/wp\/v2\/types\/page"}],"author":[{"embeddable":true,"href":"https:\/\/vunjak.rs\/de\/wp-json\/wp\/v2\/users\/5"}],"replies":[{"embeddable":true,"href":"https:\/\/vunjak.rs\/de\/wp-json\/wp\/v2\/comments?post=8627"}],"version-history":[{"count":4,"href":"https:\/\/vunjak.rs\/de\/wp-json\/wp\/v2\/pages\/8627\/revisions"}],"predecessor-version":[{"id":8701,"href":"https:\/\/vunjak.rs\/de\/wp-json\/wp\/v2\/pages\/8627\/revisions\/8701"}],"wp:attachment":[{"href":"https:\/\/vunjak.rs\/de\/wp-json\/wp\/v2\/media?parent=8627"}],"curies":[{"name":"wp","href":"https:\/\/api.w.org\/{rel}","templated":true}]}}