{"id":8623,"date":"2018-08-12T23:57:50","date_gmt":"2018-08-12T23:57:50","guid":{"rendered":"https:\/\/vunjak.rs\/?page_id=8623"},"modified":"2021-03-09T20:29:17","modified_gmt":"2021-03-09T20:29:17","slug":"dr-vanja-krkelic-jovanovic","status":"publish","type":"page","link":"https:\/\/vunjak.rs\/de\/dr-vanja-krkelic-jovanovic\/","title":{"rendered":"Dr Vanja Krkeli\u0107 Jovanovi\u0107"},"content":{"rendered":"\n<style type=\"text\/css\" data-created_by=\"avia_inline_auto\" id=\"style-css-av-7qy6zz-b7956676b6180ba3ecb3ee7545b65e97\">\n.flex_column.av-7qy6zz-b7956676b6180ba3ecb3ee7545b65e97{\nborder-radius:0px 0px 0px 0px;\npadding:0px 0px 0px 0px;\n}\n<\/style>\n<div  class='flex_column av-7qy6zz-b7956676b6180ba3ecb3ee7545b65e97 av_one_half  avia-builder-el-0  el_before_av_one_half  avia-builder-el-first  first flex_column_div av-zero-column-padding  '     ><p>\n<style type=\"text\/css\" data-created_by=\"avia_inline_auto\" id=\"style-css-av-jr1wlckl-888291933b2938ce931d578adea87250\">\n.avia-image-container.av-jr1wlckl-888291933b2938ce931d578adea87250 img.avia_image{\nbox-shadow:none;\n}\n.avia-image-container.av-jr1wlckl-888291933b2938ce931d578adea87250 .av-image-caption-overlay-center{\ncolor:#ffffff;\n}\n<\/style>\n<div  class='avia-image-container av-jr1wlckl-888291933b2938ce931d578adea87250 av-styling- avia-align-center  avia-builder-el-1  el_before_av_textblock  avia-builder-el-first '   itemprop=\"image\" itemscope=\"itemscope\" itemtype=\"https:\/\/schema.org\/ImageObject\" ><div class=\"avia-image-container-inner\"><div class=\"avia-image-overlay-wrap\"><img decoding=\"async\" fetchpriority=\"high\" class='wp-image-4639 avia-img-lazy-loading-not-4639 avia_image ' src=\"https:\/\/vunjak.rs\/wp-content\/uploads\/2019\/01\/stomatoloska-ordinacija-vunjak-dental-clinic-doktorka-vanja-krkelic-jovanovic.jpg\" alt='stomatoloska-ordinacija-vunjak-dental-clinic-doktorka-vanja-krkelic-jovanovic' title='stomatoloska-ordinacija-vunjak-dental-clinic-doktorka-vanja-krkelic-jovanovic'  height=\"2500\" width=\"1667\"  itemprop=\"thumbnailUrl\"  \/><\/div><\/div><\/div><br \/>\n<section  class='av_textblock_section av-k7c6t3p8-c6a66dd2182ed3672ac89076f6d64d0e '   itemscope=\"itemscope\" itemtype=\"https:\/\/schema.org\/CreativeWork\" ><div class='avia_textblock'  itemprop=\"text\" ><h3 class=\"team-member-name\">Dr Vanja Krkeli\u0107 Jovanovi\u0107<\/h3>\n<div class=\"flex_column av_one_third flex_column_div first avia-builder-el-8 el_after_av_one_third el_before_av_one_third column-top-margin\">\n<section class=\"avia-team-member avia-builder-el-9 avia-builder-el-no-sibling \">\n<div class=\"team-member-job-title \">Dr. med. dent.<\/div>\n<\/section>\n<\/div>\n<\/div><\/section><\/p><\/div>\n\n<style type=\"text\/css\" data-created_by=\"avia_inline_auto\" id=\"style-css-av-6d3533-030b4f75b26ba89c2fbc7d62ba687cc6\">\n.flex_column.av-6d3533-030b4f75b26ba89c2fbc7d62ba687cc6{\nborder-radius:0px 0px 0px 0px;\npadding:0px 0px 0px 0px;\n}\n<\/style>\n<div  class='flex_column av-6d3533-030b4f75b26ba89c2fbc7d62ba687cc6 av_one_half  avia-builder-el-3  el_after_av_one_half  avia-builder-el-last  flex_column_div av-zero-column-padding  '     ><div  class='tabcontainer av-3i9smn-b11d6ce29adeca58704b1be731286ef9 top_tab  avia-builder-el-4  avia-builder-el-no-sibling '>\n<section class='av_tab_section av_tab_section av-119j3-984fc39b38931bac3f9e2690be8e7152'  itemscope=\"itemscope\" itemtype=\"https:\/\/schema.org\/CreativeWork\" ><div id='tab-id-1-tab' class='tab active_tab' role='tab' aria-selected=\"true\" tabindex=\"0\" data-fake-id='#tab-id-1' aria-controls='tab-id-1-content'  itemprop=\"headline\" >LEBENSLAUF<\/div><div id='tab-id-1-content' class='tab_content active_tab_content' role='tabpanel' aria-labelledby='tab-id-1-tab' aria-hidden=\"false\"><div class='tab_inner_content invers-color'  itemprop=\"text\" ><p>Die Fakult\u00e4t f\u00fcr Zahnmedizin der Universit\u00e4t Belgrad absolvierte Sie im Jahr 2005. Schon seit 11 Jahren ist sie als polyvalente Zahn\u00e4rztin t\u00e4tig. Ihre Kenntnisse vervollkommnet sie an Fachkongressen und Kursen aus verschiedenen Bereichen der Zahnmedizin.<br \/>\nSie ist Mitglied der Zahnarzt Kammer Serbiens. Arbeit mit Kindern ist f\u00fcr Sie ein besonderes Vergn\u00fcgen.<br \/>\nSie spricht Englisch.<\/p>\n<\/div><\/div><\/section>\n<\/div><\/div>\n","protected":false},"excerpt":{"rendered":"","protected":false},"author":5,"featured_media":0,"parent":0,"menu_order":0,"comment_status":"closed","ping_status":"closed","template":"","meta":{"footnotes":""},"class_list":["post-8623","page","type-page","status-publish","hentry"],"aioseo_notices":[],"_links":{"self":[{"href":"https:\/\/vunjak.rs\/de\/wp-json\/wp\/v2\/pages\/8623","targetHints":{"allow":["GET"]}}],"collection":[{"href":"https:\/\/vunjak.rs\/de\/wp-json\/wp\/v2\/pages"}],"about":[{"href":"https:\/\/vunjak.rs\/de\/wp-json\/wp\/v2\/types\/page"}],"author":[{"embeddable":true,"href":"https:\/\/vunjak.rs\/de\/wp-json\/wp\/v2\/users\/5"}],"replies":[{"embeddable":true,"href":"https:\/\/vunjak.rs\/de\/wp-json\/wp\/v2\/comments?post=8623"}],"version-history":[{"count":5,"href":"https:\/\/vunjak.rs\/de\/wp-json\/wp\/v2\/pages\/8623\/revisions"}],"predecessor-version":[{"id":9703,"href":"https:\/\/vunjak.rs\/de\/wp-json\/wp\/v2\/pages\/8623\/revisions\/9703"}],"wp:attachment":[{"href":"https:\/\/vunjak.rs\/de\/wp-json\/wp\/v2\/media?parent=8623"}],"curies":[{"name":"wp","href":"https:\/\/api.w.org\/{rel}","templated":true}]}}