{"id":8615,"date":"2018-08-02T16:53:18","date_gmt":"2018-08-02T16:53:18","guid":{"rendered":"https:\/\/vunjak.rs\/?page_id=8615"},"modified":"2020-03-03T18:00:56","modified_gmt":"2020-03-03T18:00:56","slug":"dr-nikola-vunjak","status":"publish","type":"page","link":"https:\/\/vunjak.rs\/de\/dr-nikola-vunjak\/","title":{"rendered":"Dr Nikola Vunjak"},"content":{"rendered":"\n<style type=\"text\/css\" data-created_by=\"avia_inline_auto\" id=\"style-css-av-7kazvr-983e892ddd690fdc79794173478c83cf\">\n.flex_column.av-7kazvr-983e892ddd690fdc79794173478c83cf{\nborder-radius:0px 0px 0px 0px;\npadding:0px 0px 0px 0px;\n}\n<\/style>\n<div  class='flex_column av-7kazvr-983e892ddd690fdc79794173478c83cf av_one_half  avia-builder-el-0  el_before_av_one_half  avia-builder-el-first  first flex_column_div av-zero-column-padding  '     ><p>\n<style type=\"text\/css\" data-created_by=\"avia_inline_auto\" id=\"style-css-av-jr1wezoc-cdc8de6d5708b49e50f477c1b74d0699\">\n.avia-image-container.av-jr1wezoc-cdc8de6d5708b49e50f477c1b74d0699 img.avia_image{\nbox-shadow:none;\n}\n.avia-image-container.av-jr1wezoc-cdc8de6d5708b49e50f477c1b74d0699 .av-image-caption-overlay-center{\ncolor:#ffffff;\n}\n<\/style>\n<div  class='avia-image-container av-jr1wezoc-cdc8de6d5708b49e50f477c1b74d0699 av-styling- avia-align-center  avia-builder-el-1  el_before_av_textblock  avia-builder-el-first '   itemprop=\"image\" itemscope=\"itemscope\" itemtype=\"https:\/\/schema.org\/ImageObject\" ><div class=\"avia-image-container-inner\"><div class=\"avia-image-overlay-wrap\"><img decoding=\"async\" fetchpriority=\"high\" class='wp-image-4641 avia-img-lazy-loading-not-4641 avia_image ' src=\"https:\/\/vunjak.rs\/wp-content\/uploads\/2019\/01\/stomatoloska-ordinacija-vunjak-dental-clinic-doktor-nikola-vunjak.jpg\" alt='stomatoloska-ordinacija-vunjak-dental-clinic-doktor-nikola-vunjak' title='stomatoloska-ordinacija-vunjak-dental-clinic-doktor-nikola-vunjak'  height=\"2500\" width=\"1667\"  itemprop=\"thumbnailUrl\"  \/><\/div><\/div><\/div><br \/>\n<section  class='av_textblock_section av-k7c6jhys-654c0f6390e5200ef4ee447782d4ea8b '   itemscope=\"itemscope\" itemtype=\"https:\/\/schema.org\/CreativeWork\" ><div class='avia_textblock'  itemprop=\"text\" ><h3 class=\"team-member-name\">Dr\u00a0 Nikola Vunjak<\/h3>\n<div class=\"flex_column av_one_third flex_column_div first avia-builder-el-8 el_after_av_one_third el_before_av_one_third column-top-margin\">\n<section class=\"avia-team-member avia-builder-el-9 avia-builder-el-no-sibling \">\n<div class=\"team-member-job-title \">Facharzt f\u00fcr Kieferorthop\u00e4die<\/div>\n<\/section>\n<\/div>\n<\/div><\/section><\/p><\/div>\n\n<style type=\"text\/css\" data-created_by=\"avia_inline_auto\" id=\"style-css-av-5e7zw7-1cdc9a353875269707abb79108b3f535\">\n.flex_column.av-5e7zw7-1cdc9a353875269707abb79108b3f535{\nborder-radius:0px 0px 0px 0px;\npadding:0px 0px 0px 0px;\n}\n<\/style>\n<div  class='flex_column av-5e7zw7-1cdc9a353875269707abb79108b3f535 av_one_half  avia-builder-el-3  el_after_av_one_half  avia-builder-el-last  flex_column_div av-zero-column-padding  '     ><div  class='tabcontainer av-4i7y4n-362d52ede6a8de06943176914de11f78 top_tab  avia-builder-el-4  avia-builder-el-no-sibling '>\n<section class='av_tab_section av_tab_section av-av_tab-a9582d3aecf0f72adc2c205265ec4d5f'  itemscope=\"itemscope\" itemtype=\"https:\/\/schema.org\/CreativeWork\" ><div id='tab-id-1-tab' class='tab active_tab' role='tab' aria-selected=\"true\" tabindex=\"0\" data-fake-id='#tab-id-1' aria-controls='tab-id-1-content'  itemprop=\"headline\" >Lebenslauf<\/div><div id='tab-id-1-content' class='tab_content active_tab_content' role='tabpanel' aria-labelledby='tab-id-1-tab' aria-hidden=\"false\"><div class='tab_inner_content invers-color'  itemprop=\"text\" ><p>Das Studium der Zahnmedizin beendete er an der Fakult\u00e4t f\u00fcr Zahnmedizin der Universit\u00e4t Belgrad im Jahr 2001. Nach mehrj\u00e4hriger Arbeitserfahrung in der allgemeinen Zahnmedizin als polyvalenter Zahnarzt, spezialisierte er die Orthodontie an der Klinik f\u00fcr Kieferorthop\u00e4die der Fakult\u00e4t f\u00fcr Zahnmedizin in Belgrad.<br \/>\nSein Wissen vervollkommnet er zus\u00e4tzlich an zahlreichen Kursen im Inn- und Ausland. Er ist Mitglied der Zahnarzt Kammer Serbiens und der Zahn\u00e4rztlichen Vereinigung Serbiens. Neben der mehrj\u00e4hrigen Praxis als Zahnarzt, war Dr. Nikola Vunjak mehrere Jahre im Unterrichtswesen t\u00e4tig, zuerst in der Zahntechnischen Schule in Belgrad, sp\u00e4ter auch als Mitarbeiter im Unterricht an der Medizinischen Fakult\u00e4t in Kragujevac, Fachrichtung Zahnmedizin.<br \/>\nEr hat das Zertifikat des Roten Kreuzes f\u00fcr Erste Hilfe inne. Bedient sich der serbischen und englischen Sprache.<\/p>\n<\/div><\/div><\/section>\n<\/div><\/div>\n","protected":false},"excerpt":{"rendered":"","protected":false},"author":5,"featured_media":0,"parent":0,"menu_order":0,"comment_status":"closed","ping_status":"closed","template":"","meta":{"footnotes":""},"class_list":["post-8615","page","type-page","status-publish","hentry"],"aioseo_notices":[],"_links":{"self":[{"href":"https:\/\/vunjak.rs\/de\/wp-json\/wp\/v2\/pages\/8615","targetHints":{"allow":["GET"]}}],"collection":[{"href":"https:\/\/vunjak.rs\/de\/wp-json\/wp\/v2\/pages"}],"about":[{"href":"https:\/\/vunjak.rs\/de\/wp-json\/wp\/v2\/types\/page"}],"author":[{"embeddable":true,"href":"https:\/\/vunjak.rs\/de\/wp-json\/wp\/v2\/users\/5"}],"replies":[{"embeddable":true,"href":"https:\/\/vunjak.rs\/de\/wp-json\/wp\/v2\/comments?post=8615"}],"version-history":[{"count":4,"href":"https:\/\/vunjak.rs\/de\/wp-json\/wp\/v2\/pages\/8615\/revisions"}],"predecessor-version":[{"id":8642,"href":"https:\/\/vunjak.rs\/de\/wp-json\/wp\/v2\/pages\/8615\/revisions\/8642"}],"wp:attachment":[{"href":"https:\/\/vunjak.rs\/de\/wp-json\/wp\/v2\/media?parent=8615"}],"curies":[{"name":"wp","href":"https:\/\/api.w.org\/{rel}","templated":true}]}}