{"id":8599,"date":"2018-05-05T04:31:18","date_gmt":"2018-05-05T04:31:18","guid":{"rendered":"https:\/\/vunjak.rs\/?page_id=8599"},"modified":"2020-03-03T17:40:15","modified_gmt":"2020-03-03T17:40:15","slug":"decija-stomatologija","status":"publish","type":"page","link":"https:\/\/vunjak.rs\/de\/decija-stomatologija\/","title":{"rendered":"De\u010dija stomatologija"},"content":{"rendered":"<div id='full_slider_1'  class='avia-fullwidth-slider main_color avia-shadow   avia-builder-el-0  el_before_av_one_half  avia-builder-el-first   container_wrap fullsize'  >\n<style type=\"text\/css\" data-created_by=\"avia_inline_auto\" id=\"style-css-av-jr0i8rzq-343b6d199365f77be79eaab7d8056cf5\">\n#top #wrap_all .avia-slideshow .av-slideshow-caption.av-jr0i8rzq-343b6d199365f77be79eaab7d8056cf5__0 .avia-caption-title{\nfont-size:42px;\n}\n#top .avia-slideshow .av-slideshow-caption.av-jr0i8rzq-343b6d199365f77be79eaab7d8056cf5__0 .avia-caption-content{\nfont-size:16px;\n}\n#top .avia-slideshow .av-slideshow-caption.av-jr0i8rzq-343b6d199365f77be79eaab7d8056cf5__0 .avia-caption-content p{\nfont-size:16px;\n}\n<\/style>\n<div  class='avia-slideshow av-jr0i8rzq-343b6d199365f77be79eaab7d8056cf5 avia-slideshow-no scaling av_slideshow_full avia-slide-slider av-slideshow-ui av-control-default av-slideshow-manual av-loop-once av-loop-manual-endless av-default-height-applied   avia-slideshow-1' data-slideshow-options=\"{&quot;animation&quot;:&quot;slide&quot;,&quot;autoplay&quot;:false,&quot;loop_autoplay&quot;:&quot;once&quot;,&quot;interval&quot;:5,&quot;loop_manual&quot;:&quot;manual-endless&quot;,&quot;autoplay_stopper&quot;:false,&quot;noNavigation&quot;:false,&quot;bg_slider&quot;:false,&quot;keep_padding&quot;:false,&quot;hoverpause&quot;:false,&quot;show_slide_delay&quot;:0}\"  itemprop=\"image\" itemscope=\"itemscope\" itemtype=\"https:\/\/schema.org\/ImageObject\" ><ul class='avia-slideshow-inner ' style='padding-bottom: 44.717573221757%;'><li  class='avia-slideshow-slide av-jr0i8rzq-343b6d199365f77be79eaab7d8056cf5__0  av-single-slide slide-1 slide-odd'><div data-rel='slideshow-1' class='avia-slide-wrap '   ><div class='av-slideshow-caption av-jr0i8rzq-343b6d199365f77be79eaab7d8056cf5__0 caption_fullwidth caption_left'><div class=\"container caption_container\"><div class=\"slideshow_caption\"><div class=\"slideshow_inner_caption\"><div class=\"slideshow_align_caption\"><h2 class='avia-caption-title '  itemprop=\"name\" >Va\u017eno je po\u010deti na vreme<\/h2><div class='avia-caption-content '  itemprop=\"description\" ><p>Kreiranje zdravih navika oralne higijene i razvijanje poverenja kod deteta po\u010dinje od malih nogu.<\/p>\n<\/div><a href='\/kontakt\/'  class='avia-slideshow-button avia-button avia-color-red ' data-duration='800' data-easing='easeInOutQuad'>ZAKA\u017dITE PREGLED<\/a><\/div><\/div><\/div><\/div><\/div><img decoding=\"async\" fetchpriority=\"high\" class=\"wp-image-8714 avia-img-lazy-loading-not-8714\"  src=\"https:\/\/vunjak.rs\/wp-content\/uploads\/2019\/01\/stomatoloska-ordinacija-vunjak-dental-clinic-decija-stomatologija-pregled-zuba-dete-1.jpg\" width=\"1912\" height=\"855\" title='stomatoloska-ordinacija-vunjak-dental-clinic-decija-stomatologija-pregled-zuba-dete-1' alt=''  itemprop=\"thumbnailUrl\"   \/><div class='av-section-color-overlay' style='opacity: 0.3; background-color: #151515; '><\/div><\/div><\/li><\/ul><\/div><\/div><div id='after_full_slider_1'  class='main_color av_default_container_wrap container_wrap fullsize'  ><div class='container av-section-cont-open' ><div class='template-page content  av-content-full alpha units'><div class='post-entry post-entry-type-page post-entry-8599'><div class='entry-content-wrapper clearfix'>\n<div class='flex_column_table av-jr0ifzxp-d2c51c0e05ab94f3ad4be3bca58730f8 sc-av_one_half av-equal-height-column-flextable'>\n<style type=\"text\/css\" data-created_by=\"avia_inline_auto\" id=\"style-css-av-jr0ifzxp-d2c51c0e05ab94f3ad4be3bca58730f8\">\n.flex_column.av-jr0ifzxp-d2c51c0e05ab94f3ad4be3bca58730f8{\nborder-radius:0px 0px 0px 0px;\npadding:0px 30px 0px 0px;\n}\n<\/style>\n<div  class='flex_column av-jr0ifzxp-d2c51c0e05ab94f3ad4be3bca58730f8 av_one_half  avia-builder-el-1  el_after_av_slideshow_full  el_before_av_one_half  avia-builder-el-first  first no_margin flex_column_table_cell av-equal-height-column av-align-middle  '     ><section  class='av_textblock_section av-jr0idn0x-6b44ff58aaf070a2eb11dbfcd9bedb93 '   itemscope=\"itemscope\" itemtype=\"https:\/\/schema.org\/CreativeWork\" ><div class='avia_textblock'  itemprop=\"text\" ><h3 style=\"text-align: center;\">ZAHNPFLEGE BEI KINDERN<\/h3>\n<h4 style=\"text-align: center;\">Mit dem Z\u00e4hneputzen sollten Sie anfangen sobald die Z\u00e4hne durchbrechen<\/h4>\n<p>Sofort nach dem Durchbrechen der ersten Milchz\u00e4hne ist es notwendig mit einer weichen, f\u00fcr dieses Alter angepassten Zahnb\u00fcrste, ganz sanft die Z\u00e4hne zu b\u00fcrsten. Dies soll zwei Mal t\u00e4glich, nach dem Aufwachen und vor der Nachtruhe getan werden. Falls eine Zahnpasta verwendet wird, muss sie einen niedrigen Prozentsatz an Fluor enthalten und die Menge sollte eine Erbsengr\u00f6\u00dfe nicht \u00fcberschreiten. Bei Babys bis zu 18 Monaten gen\u00fcgt es durchaus, wenn man nur mit einer weichen Zahnb\u00fcrste und Wasser die Z\u00e4hne putzt. Man muss bei den J\u00fcngsten darauf achten, dass die, noch immer weichen Z\u00e4hne, erhalten werden und dass es zu keinem Schlucken der Zahnpasta kommt.<br \/>Ihr Kind ist j\u00fcnger als 6 Jahre und Sie sind besorgt, dass sein Zahnfleisch den Druck der Zahnbr\u00fcste nicht aushalten wird? Verwenden Sie eine um Ihren Zeigefinger gewickelte und in Wasser getauchte Baumwoll-Mullbinde und massieren Sie sanft das Zahnfleisch und die Z\u00e4hnchen Ihres Babys.<br \/>Mit der Zeit, wie Ihr Kind w\u00e4chst und die Zahnb\u00fcrste von selbst richtig halten kann (\u00e4lter als 3 Jahre), ermuntern Sie es nach jedem Essen die Z\u00e4hne, in der Dauer von 2 Minuten, zu putzen und z\u00f6gern Sie nicht ihm zu zeigen wie das richtig getan wird (falls es dabei einige Z\u00e4hne ausl\u00e4sst oder den Mund nicht ausreichend aussp\u00fclt), das ist sehr wichtig, damit das Z\u00e4hneputzen dem Kind zur Gewohnheit wird.<\/p>\n<\/div><\/section><\/div>\n<style type=\"text\/css\" data-created_by=\"avia_inline_auto\" id=\"style-css-av-jr0ic0u6-988fad8064d68c3a4213538941c5a66f\">\n.flex_column.av-jr0ic0u6-988fad8064d68c3a4213538941c5a66f{\nborder-radius:0px 0px 0px 0px;\npadding:0px 0px 0px 0px;\nbackground:url(https:\/\/vunjak.rs\/wp-content\/uploads\/2019\/01\/stomatoloska-ordinacija-vunjak-dental-clinic-decija-stomatologija-oralna-higijena-devojcica-pere-zube.jpg) 0% 0% no-repeat scroll ;\n}\n<\/style>\n<div  class='flex_column av-jr0ic0u6-988fad8064d68c3a4213538941c5a66f av_one_half  avia-builder-el-3  el_after_av_one_half  el_before_av_one_half  no_margin flex_column_table_cell av-equal-height-column av-align-middle av-hide-on-mobile av-zero-column-padding avia-full-stretch  '     ><\/div><\/div><!--close column table wrapper. Autoclose: 1 --><\/p>\n<div class='flex_column_table av-jr0ieb83-bc49e4b96db0d43fb7191cdf3172a0f6 sc-av_one_half av-equal-height-column-flextable'>\n<style type=\"text\/css\" data-created_by=\"avia_inline_auto\" id=\"style-css-av-jr0ieb83-bc49e4b96db0d43fb7191cdf3172a0f6\">\n.flex_column.av-jr0ieb83-bc49e4b96db0d43fb7191cdf3172a0f6{\nborder-radius:0px 0px 0px 0px;\npadding:0px 0px 0px 0px;\nbackground:url(https:\/\/vunjak.rs\/wp-content\/uploads\/2019\/01\/stomatoloska-ordinacija-vunjak-dental-clinic-decija-stomatologija-dete-se-smesi.jpg) 0% 0% no-repeat scroll ;\n}\n<\/style>\n<div  class='flex_column av-jr0ieb83-bc49e4b96db0d43fb7191cdf3172a0f6 av_one_half  avia-builder-el-4  el_after_av_one_half  el_before_av_one_half  first no_margin flex_column_table_cell av-equal-height-column av-align-middle av-zero-column-padding avia-full-stretch  column-top-margin'     ><\/div>\n\n<style type=\"text\/css\" data-created_by=\"avia_inline_auto\" id=\"style-css-av-jr0igy9h-de66a871b48dbbd92f187f99d187bdc2\">\n.flex_column.av-jr0igy9h-de66a871b48dbbd92f187f99d187bdc2{\nborder-radius:0px 0px 0px 0px;\npadding:61px 30px 61px 30px;\n}\n<\/style>\n<div  class='flex_column av-jr0igy9h-de66a871b48dbbd92f187f99d187bdc2 av_one_half  avia-builder-el-5  el_after_av_one_half  el_before_av_one_half  no_margin flex_column_table_cell av-equal-height-column av-align-middle  column-top-margin'     ><section  class='av_textblock_section av-jr0idwev-e12780062cfe6543ca3acf19db48e424 '   itemscope=\"itemscope\" itemtype=\"https:\/\/schema.org\/CreativeWork\" ><div class='avia_textblock'  itemprop=\"text\" ><h3 style=\"text-align: center;\">GRUNDSTEINE F\u00dcR GESUNDE MUND- UND ZAHNERHALTUNG<\/h3>\n<h4 style=\"text-align: center;\">Aneignung gesunder Gewohnheiten f\u00fcr die Mundhygiene<\/h4>\n<p>Das Bestehen auf guter Mundpflege, vom fr\u00fchesten Kindesalter an, ist die richtige Weise, damit es Kindern, noch bevor sie selbstst\u00e4ndig dieses \u201eRitual\u201c vor dem Schlafengehen ausf\u00fchren k\u00f6nnen, zur Gewohnheit wird. Au\u00dferdem hilft die f\u00fcr die Mundhygiene verbrauchte Zeit im Kampf gegen Karies, damit die hinteren Z\u00e4hne erhalten bleiben und dass die Kinder sich gesunde Gewohnheiten aneignen: sorgf\u00e4ltiges Putzen aller Z\u00e4hne, durch kreisende Bewegungen mit der Zahnb\u00fcrste, von oben nach unten (\u201ewie wenn es regnet) und von unten nach oben (\u201ewie das Gras w\u00e4chst\u201c).<\/p>\n<\/div><\/section><\/div><\/div><!--close column table wrapper. Autoclose: 1 --><div class='flex_column_table av-av_one_half-aea557002867e6956074bda218d2c462 sc-av_one_half av-equal-height-column-flextable'>\n<style type=\"text\/css\" data-created_by=\"avia_inline_auto\" id=\"style-css-av-av_one_half-aea557002867e6956074bda218d2c462\">\n.flex_column.av-av_one_half-aea557002867e6956074bda218d2c462{\nborder-radius:0px 0px 0px 0px;\npadding:76px 15px 76px 15px;\n}\n<\/style>\n<div  class='flex_column av-av_one_half-aea557002867e6956074bda218d2c462 av_one_half  avia-builder-el-7  el_after_av_one_half  el_before_av_one_half  first no_margin flex_column_table_cell av-equal-height-column av-align-middle  column-top-margin'     ><section  class='av_textblock_section av-jr0ieyy4-61b6977e61dc722f20c1edfd107c416f '   itemscope=\"itemscope\" itemtype=\"https:\/\/schema.org\/CreativeWork\" ><div class='avia_textblock'  itemprop=\"text\" ><h3 style=\"text-align: center;\">WANN SOLL MAN MIT DEM KIND ZUM ZAHNARZT?<\/h3>\n<h4 style=\"text-align: center;\">Vertrauensentwicklung beim Kind<\/h4>\n<p>Das Kind k\u00f6nnen Sie zum Zahnarzt schon in seinem fr\u00fchesten Alter bringen, schon wenn die ersten Z\u00e4hnchen erscheinen. Es ist empfehlenswert, dass der erste Zahnarztbesuch der Untersuchung und Zahnhygiene gewidmet ist, bzw. bevor es zu Zahnsch\u00e4den und Schmerzen kommt, damit das Kind ein Vertrauen zu seinem Zahnarzt entwickelt.<\/p>\n<\/div><\/section><\/div>\n<style type=\"text\/css\" data-created_by=\"avia_inline_auto\" id=\"style-css-av-jr0ieqth-e1aa2192a70dc36450181d6f4f986a09\">\n.flex_column.av-jr0ieqth-e1aa2192a70dc36450181d6f4f986a09{\nborder-radius:0px 0px 0px 0px;\npadding:0px 0px 0px 0px;\nbackground:url(https:\/\/vunjak.rs\/wp-content\/uploads\/2019\/01\/stomatoloska-ordinacija-vunjak-dental-clinic-decija-stomatologija-deca-se-smese.jpg) 0% 0% no-repeat scroll ;\n}\n<\/style>\n<div  class='flex_column av-jr0ieqth-e1aa2192a70dc36450181d6f4f986a09 av_one_half  avia-builder-el-9  el_after_av_one_half  el_before_av_section  avia-builder-el-last  no_margin flex_column_table_cell av-equal-height-column av-align-middle av-zero-column-padding avia-full-stretch  column-top-margin'     ><\/div><\/div><!--close column table wrapper. Autoclose: 1 --><\/p>\n<\/div><\/div><\/div><!-- close content main div --><\/div><\/div>\n<style type=\"text\/css\" data-created_by=\"avia_inline_auto\" id=\"style-css-av-av_section-ce70cb1c38d13a1199aa239d1e611648\">\n.avia-section.av-av_section-ce70cb1c38d13a1199aa239d1e611648{\nbackground-color:#efece3;\nbackground-image:unset;\n}\n<\/style>\n<div id='av_section_1'  class='avia-section av-av_section-ce70cb1c38d13a1199aa239d1e611648 main_color avia-section-default avia-no-border-styling  avia-builder-el-10  el_after_av_one_half  el_before_av_one_full  avia-bg-style-scroll container_wrap fullsize'  ><div class='container av-section-cont-open' ><div class='template-page content  av-content-full alpha units'><div class='post-entry post-entry-type-page post-entry-8599'><div class='entry-content-wrapper clearfix'>\n<div class='flex_column_table av-av_one_third-e59e19aacd6ad641f3f8fef6767a091e sc-av_one_third av-equal-height-column-flextable'>\n<style type=\"text\/css\" data-created_by=\"avia_inline_auto\" id=\"style-css-av-av_one_third-e59e19aacd6ad641f3f8fef6767a091e\">\n.flex_column.av-av_one_third-e59e19aacd6ad641f3f8fef6767a091e{\nborder-radius:0px 0px 0px 0px;\npadding:30px 30px 30px 30px;\nbackground-color:#4aaaa6;\n}\n<\/style>\n<div  class='flex_column av-av_one_third-e59e19aacd6ad641f3f8fef6767a091e av_one_third  avia-builder-el-11  el_before_av_two_third  avia-builder-el-first  first flex_column_table_cell av-equal-height-column av-align-middle  '     ><style type=\"text\/css\" data-created_by=\"avia_inline_auto\" id=\"style-css-av-av_font_icon-a0de1d6e5ed4acc941693d53db7ce41b\">\n.av_font_icon.av-av_font_icon-a0de1d6e5ed4acc941693d53db7ce41b{\ncolor:#ffffff;\nborder-color:#ffffff;\n}\n.av_font_icon.av-av_font_icon-a0de1d6e5ed4acc941693d53db7ce41b .av-icon-char{\nfont-size:85px;\nline-height:85px;\n}\n<\/style>\n<span  class='av_font_icon av-av_font_icon-a0de1d6e5ed4acc941693d53db7ce41b avia_animate_when_visible av-icon-style- avia-icon-pos-center avia-icon-animate'><span class='av-icon-char' aria-hidden='true' data-av_icon='\uf109' data-av_iconfont='flaticon' ><\/span><\/span><\/div><div class='av-flex-placeholder'><\/div>\n<style type=\"text\/css\" data-created_by=\"avia_inline_auto\" id=\"style-css-av-av_two_third-c8fc129dc35fd1ae2a1e410224d39ea8\">\n.flex_column.av-av_two_third-c8fc129dc35fd1ae2a1e410224d39ea8{\nborder-radius:0px 0px 0px 0px;\npadding:0px 0px 0px 0px;\n}\n<\/style>\n<div  class='flex_column av-av_two_third-c8fc129dc35fd1ae2a1e410224d39ea8 av_two_third  avia-builder-el-13  el_after_av_one_third  avia-builder-el-last  flex_column_table_cell av-equal-height-column av-align-middle av-zero-column-padding  '     ><section  class='av_textblock_section av-k7c6c4iw-993079c6c19e36bdbd4f62ea66f87792 '   itemscope=\"itemscope\" itemtype=\"https:\/\/schema.org\/CreativeWork\" ><div class='avia_textblock'  itemprop=\"text\" ><h4>Zus\u00e4tzlich ist zu beachten<\/h4>\n<p>Es muss darauf geachtet werden, dass dem Kind nach dem Z\u00e4hneputzen und wenn es schon im Bett ist, keine Fruchts\u00e4fte, S\u00fc\u00dfgetr\u00e4nke oder Milkshakes gegeben werden. In solchen F\u00e4llen bleibt der Speichel bei dem Kind ges\u00e4ttigt \u00fcber Nacht und das Risiko zur Bildung von Karies wird dadurch drastisch erh\u00f6ht.<\/p>\n<\/div><\/section><br \/>\n<div  class='avia-button-wrap av-k7c6eaye-13783a2767a023a9b46c5593541ccdc4-wrap avia-button-left  avia-builder-el-15  el_after_av_textblock  avia-builder-el-last '>\n<style type=\"text\/css\" data-created_by=\"avia_inline_auto\" id=\"style-css-av-k7c6eaye-13783a2767a023a9b46c5593541ccdc4\">\n#top #wrap_all .avia-button.av-k7c6eaye-13783a2767a023a9b46c5593541ccdc4{\nbackground-color:#e60028;\nborder-color:#e60028;\ncolor:#ffffff;\ntransition:all 0.4s ease-in-out;\n}\n<\/style>\n<a href='\/kontakt\/'  class='avia-button av-k7c6eaye-13783a2767a023a9b46c5593541ccdc4 av-link-btn avia-icon_select-yes-right-icon avia-size-medium avia-position-left av-icon-on-hover'   aria-label=\"SAGEN SIE EINEN UNTERSUCHUNGSTERMIN AN\"><span class='avia_iconbox_title' >SAGEN SIE EINEN UNTERSUCHUNGSTERMIN AN<\/span><span class='avia_button_icon avia_button_icon_right' aria-hidden='true' data-av_icon='\ue879' data-av_iconfont='entypo-fontello'><\/span><\/a><\/div><\/p><\/div><\/div><!--close column table wrapper. Autoclose: 1 --><\/div><\/div><\/div><!-- close content main div --><\/div><\/div><div id='after_section_1'  class='main_color av_default_container_wrap container_wrap fullsize'  ><div class='container av-section-cont-open' ><div class='template-page content  av-content-full alpha units'><div class='post-entry post-entry-type-page post-entry-8599'><div class='entry-content-wrapper clearfix'>\n<style type=\"text\/css\" data-created_by=\"avia_inline_auto\" id=\"style-css-av-av_one_full-15d750bd1b332b34c6e70b077ebbccdf\">\n.flex_column.av-av_one_full-15d750bd1b332b34c6e70b077ebbccdf{\nborder-radius:0px 0px 0px 0px;\npadding:0px 0px 0px 0px;\n}\n<\/style>\n<div  class='flex_column av-av_one_full-15d750bd1b332b34c6e70b077ebbccdf av_one_full  avia-builder-el-16  el_after_av_section  avia-builder-el-no-sibling  first flex_column_div av-zero-column-padding  '     ><section  class='av_textblock_section av-av_textblock-2de302bf1aa3cf4c9157dbe6f50ac7eb '   itemscope=\"itemscope\" itemtype=\"https:\/\/schema.org\/CreativeWork\" ><div class='avia_textblock'  itemprop=\"text\" ><h3 style=\"text-align: center;\">VUNJAK TIM BAZA ZNANJA<\/h3>\n<p style=\"text-align: center;\">Zanimljivi i korisni tekstovi iz sveta stomatologija<\/p>\n<\/div><\/section><br \/>\n<\/p><\/div><\/p>\n","protected":false},"excerpt":{"rendered":"","protected":false},"author":5,"featured_media":0,"parent":0,"menu_order":0,"comment_status":"closed","ping_status":"closed","template":"","meta":{"footnotes":""},"class_list":["post-8599","page","type-page","status-publish","hentry"],"aioseo_notices":[],"_links":{"self":[{"href":"https:\/\/vunjak.rs\/de\/wp-json\/wp\/v2\/pages\/8599","targetHints":{"allow":["GET"]}}],"collection":[{"href":"https:\/\/vunjak.rs\/de\/wp-json\/wp\/v2\/pages"}],"about":[{"href":"https:\/\/vunjak.rs\/de\/wp-json\/wp\/v2\/types\/page"}],"author":[{"embeddable":true,"href":"https:\/\/vunjak.rs\/de\/wp-json\/wp\/v2\/users\/5"}],"replies":[{"embeddable":true,"href":"https:\/\/vunjak.rs\/de\/wp-json\/wp\/v2\/comments?post=8599"}],"version-history":[{"count":3,"href":"https:\/\/vunjak.rs\/de\/wp-json\/wp\/v2\/pages\/8599\/revisions"}],"predecessor-version":[{"id":8703,"href":"https:\/\/vunjak.rs\/de\/wp-json\/wp\/v2\/pages\/8599\/revisions\/8703"}],"wp:attachment":[{"href":"https:\/\/vunjak.rs\/de\/wp-json\/wp\/v2\/media?parent=8599"}],"curies":[{"name":"wp","href":"https:\/\/api.w.org\/{rel}","templated":true}]}}