{"id":8593,"date":"2018-05-07T18:41:04","date_gmt":"2018-05-07T18:41:04","guid":{"rendered":"https:\/\/vunjak.rs\/?page_id=8593"},"modified":"2022-08-09T17:07:12","modified_gmt":"2022-08-09T17:07:12","slug":"cenovnik","status":"publish","type":"page","link":"https:\/\/vunjak.rs\/de\/cenovnik\/","title":{"rendered":"Cenovnik"},"content":{"rendered":"<div id='full_slider_1'  class='avia-fullwidth-slider main_color avia-shadow   avia-builder-el-0  el_before_av_one_full  avia-builder-el-first   container_wrap fullsize'  >\n<style type=\"text\/css\" data-created_by=\"avia_inline_auto\" id=\"style-css-av-jr0jhv4e-e9bd86735bc3c9d303323b4ace1cc758\">\n#top #wrap_all .avia-slideshow .av-slideshow-caption.av-jr0jhv4e-e9bd86735bc3c9d303323b4ace1cc758__0 .avia-caption-title{\nfont-size:42px;\n}\n#top .avia-slideshow .av-slideshow-caption.av-jr0jhv4e-e9bd86735bc3c9d303323b4ace1cc758__0 .avia-caption-content{\nfont-size:16px;\n}\n#top .avia-slideshow .av-slideshow-caption.av-jr0jhv4e-e9bd86735bc3c9d303323b4ace1cc758__0 .avia-caption-content p{\nfont-size:16px;\n}\n<\/style>\n<div  class='avia-slideshow av-jr0jhv4e-e9bd86735bc3c9d303323b4ace1cc758 avia-slideshow-no scaling av_slideshow_full avia-slide-slider av-slideshow-ui av-control-default av-slideshow-manual av-loop-once av-loop-manual-endless av-default-height-applied   avia-slideshow-1' data-slideshow-options=\"{&quot;animation&quot;:&quot;slide&quot;,&quot;autoplay&quot;:false,&quot;loop_autoplay&quot;:&quot;once&quot;,&quot;interval&quot;:5,&quot;loop_manual&quot;:&quot;manual-endless&quot;,&quot;autoplay_stopper&quot;:false,&quot;noNavigation&quot;:false,&quot;bg_slider&quot;:false,&quot;keep_padding&quot;:false,&quot;hoverpause&quot;:false,&quot;show_slide_delay&quot;:0}\"  itemprop=\"image\" itemscope=\"itemscope\" itemtype=\"https:\/\/schema.org\/ImageObject\" ><ul class='avia-slideshow-inner ' style='padding-bottom: 44.717573221757%;'><li  class='avia-slideshow-slide av-jr0jhv4e-e9bd86735bc3c9d303323b4ace1cc758__0  av-single-slide slide-1 slide-odd'><div data-rel='slideshow-1' class='avia-slide-wrap '   ><div class='av-slideshow-caption av-jr0jhv4e-e9bd86735bc3c9d303323b4ace1cc758__0 caption_fullwidth caption_left'><div class=\"container caption_container\"><div class=\"slideshow_caption\"><div class=\"slideshow_inner_caption\"><div class=\"slideshow_align_caption\"><h2 class='avia-caption-title '  itemprop=\"name\" >Erschwingliche Preise<\/h2><div class='avia-caption-content '  itemprop=\"description\" ><p>Den Marktbedingungen angepasst<\/p>\n<\/div><a href='\/kontakt\/'  class='avia-slideshow-button avia-button avia-color-red ' data-duration='800' data-easing='easeInOutQuad'>SAGEN SIE EINEN UNTERSUCHUNGSTERMIN AN<\/a><\/div><\/div><\/div><\/div><\/div><img decoding=\"async\" fetchpriority=\"high\" class=\"wp-image-8596 avia-img-lazy-loading-not-8596\"  src=\"https:\/\/vunjak.rs\/wp-content\/uploads\/2019\/01\/stomatoloska-ordinacija-vunjak-dental-clinic-stomatolog-razgovara-sa-pacijentom.jpg\" width=\"1912\" height=\"855\" title='stomatoloska-ordinacija-vunjak-dental-clinic-stomatolog-razgovara-sa-pacijentom' alt=''  itemprop=\"thumbnailUrl\"   \/><div class='av-section-color-overlay' style='opacity: 0.3; background-color: #151515; '><\/div><\/div><\/li><\/ul><\/div><\/div><div id='after_full_slider_1'  class='main_color av_default_container_wrap container_wrap fullsize'  ><div class='container av-section-cont-open' ><div class='template-page content  av-content-full alpha units'><div class='post-entry post-entry-type-page post-entry-8593'><div class='entry-content-wrapper clearfix'>\n\n<style type=\"text\/css\" data-created_by=\"avia_inline_auto\" id=\"style-css-av-39zecjl-511a105764e2c6eff691f9c74e1ebeaf\">\n.flex_column.av-39zecjl-511a105764e2c6eff691f9c74e1ebeaf{\nborder-radius:0px 0px 0px 0px;\npadding:0px 0px 0px 0px;\n}\n<\/style>\n<div  class='flex_column av-39zecjl-511a105764e2c6eff691f9c74e1ebeaf av_one_full  avia-builder-el-1  el_after_av_slideshow_full  avia-builder-el-no-sibling  first flex_column_div av-zero-column-padding  '     ><p>\n<style type=\"text\/css\" data-created_by=\"avia_inline_auto\" id=\"style-css-av-av_heading-ee1f3abcb00a0e79101c053b81cae454\">\n#top .av-special-heading.av-av_heading-ee1f3abcb00a0e79101c053b81cae454{\npadding-bottom:5px;\nfont-size:28px;\n}\nbody .av-special-heading.av-av_heading-ee1f3abcb00a0e79101c053b81cae454 .av-special-heading-tag .heading-char{\nfont-size:25px;\n}\n#top #wrap_all .av-special-heading.av-av_heading-ee1f3abcb00a0e79101c053b81cae454 .av-special-heading-tag{\nfont-size:28px;\n}\n.av-special-heading.av-av_heading-ee1f3abcb00a0e79101c053b81cae454 .av-subheading{\nfont-size:15px;\n}\n\n@media only screen and (min-width: 480px) and (max-width: 767px){ \n#top #wrap_all .av-special-heading.av-av_heading-ee1f3abcb00a0e79101c053b81cae454 .av-special-heading-tag{\nfont-size:0.8em;\n}\n}\n\n@media only screen and (max-width: 479px){ \n#top #wrap_all .av-special-heading.av-av_heading-ee1f3abcb00a0e79101c053b81cae454 .av-special-heading-tag{\nfont-size:0.8em;\n}\n}\n<\/style>\n<div  class='av-special-heading av-av_heading-ee1f3abcb00a0e79101c053b81cae454 av-special-heading-h3 blockquote modern-quote modern-centered  avia-builder-el-2  el_before_av_table  avia-builder-el-first  av-inherit-size'><h3 class='av-special-heading-tag '  itemprop=\"headline\"  >Preisliste der Zahnarztpraxis <span class='special_amp'>\u201c<\/span>Vunjak Team<span class='special_amp'>\u201d<\/span><\/h3><div class='av-subheading av-subheading_below'><p>Der Marktlage angepasst, mit voller administrativer Unterst\u00fctzung f\u00fcr alle unsere Patienten<\/p>\n<\/div><div class=\"special-heading-border\"><div class=\"special-heading-inner-border\"><\/div><\/div><\/div><br \/>\n<div class='avia-data-table-wrap av-37qs98h-9a71021d2206374aea3b639ff08db5b3 avia_responsive_table avia-table-1'><table  class='avia-table avia-data-table avia_pricing_minimal  avia-builder-el-3  el_after_av_heading  el_before_av_textblock  cenovnik-table'  itemscope=\"itemscope\" itemtype=\"https:\/\/schema.org\/Table\" ><tbody><tr class='avia-heading-row'><th class=''>DIENSTLEISTUNG<br \/>\n<\/th><th class=''>PREIS IN \u20ac<br \/>\n<\/th><\/tr><tr class=''><td class=''>Untersuchung, Diagnose, Behandlungsplan<\/td><td class=''>15<\/td><\/tr><tr class='avia-heading-row'><th class=''>IMPLANTATE (MIT SUPRASTRUKTUR)<br \/>\n<\/th><th class=''><\/th><\/tr><tr class=''><td class=''>Standard AlfaBio<\/p>\n<p><\/td><td class=''>520<\/td><\/tr><tr class=''><td class=''>Nobel BioCare<\/td><td class=''>800<\/td><\/tr><tr class=''><td class=''>Premium Straumann<\/td><td class=''>950<\/td><\/tr><tr class='avia-heading-row'><th class=''>PROTHETIK<\/th><th class=''><\/th><\/tr><tr class=''><td class=''>Metallkeramikkrone auf Implantat <\/td><td class=''>150<\/td><\/tr><tr class=''><td class=''>Metallkeramikkrone<br \/>\n<\/td><td class=''>120<\/td><\/tr><tr class=''><td class=''>Metallfreie Keramikkrone (CAD CAM)<br \/>\n<\/td><td class=''>260<\/td><\/tr><tr class=''><td class=''>Keramikfacetten (Veneers)<\/td><td class=''>240<\/td><\/tr><tr class=''><td class=''>Metall- oder Fiberglas Aufbau <\/td><td class=''>55<\/td><\/tr><tr class=''><td class=''>Vollprothese<br \/>\n<\/td><td class=''>255<\/td><\/tr><tr class=''><td class=''>Partielle Skelettierte-Prothese<br \/>\n<\/td><td class=''>400<\/td><\/tr><tr class=''><td class=''>Provisorische Krone (CadCam)<\/td><td class=''>30 &#8211; 50<\/td><\/tr><tr class='avia-heading-row'><th class=''>ORTHODONTIE<\/th><th class=''><\/th><\/tr><tr class=''><td class=''>Festsitzende Apparaturen (je Kiefer)<br \/>\n<\/td><td class=''>620<\/td><\/tr><tr class=''><td class=''>\u00c4sthetische festsitzende Apparaturen (je Kiefer)<\/td><td class=''>840<\/td><\/tr><tr class=''><td class=''>Incognito festsitzende Lingualapparatur<\/td><td class=''>aus 1500<\/td><\/tr><tr class=''><td class=''>Retentionsfolie<\/td><td class=''>80<\/td><\/tr><tr class=''><td class=''>Mobile Apparatur (Zahnspangen f\u00fcr Kinder je Kiefer)<br \/>\n<\/td><td class=''>250<\/td><\/tr><tr class=''><td class=''>Bimaxill\u00e4re Apparatur (f\u00fcr Kinder, f\u00fcr beide Kiefer)<br \/>\n<\/td><td class=''>420<\/td><\/tr><\/tbody><\/table><\/div><style type='text\/css'>.avia-table-1 td:nth-of-type(1):before { content: 'DIENSTLEISTUNG\n'; } .avia-table-1 td:nth-of-type(2):before { content: 'PREIS IN \u20ac\n'; } <\/style><br \/>\n<section  class='av_textblock_section av-3mim5d-5d981126679990f0bf28fbb5da82199c '   itemscope=\"itemscope\" itemtype=\"https:\/\/schema.org\/CreativeWork\" ><div class='avia_textblock'  itemprop=\"text\" ><p>*F\u00fcr weitere Informationen kontaktieren Sie bitte das \u201eVunjak Team\u201c<\/p>\n<\/div><\/section><br \/>\n<div  class='avia-button-wrap av-37u2dd-22e48d1e94183077a92735adbc123a79-wrap avia-button-center  avia-builder-el-5  el_after_av_textblock  avia-builder-el-last '>\n<style type=\"text\/css\" data-created_by=\"avia_inline_auto\" id=\"style-css-av-37u2dd-22e48d1e94183077a92735adbc123a79\">\n#top #wrap_all .avia-button.av-37u2dd-22e48d1e94183077a92735adbc123a79{\nbackground-color:#e60028;\nborder-color:#e60028;\ncolor:#ffffff;\ntransition:all 0.4s ease-in-out;\n}\n<\/style>\n<a href='\/kontakt\/'  class='avia-button av-37u2dd-22e48d1e94183077a92735adbc123a79 av-link-btn avia-icon_select-yes-right-icon avia-size-medium avia-position-center av-icon-on-hover'   aria-label=\"SAGEN SIE EINEN UNTERSUCHUNGSTERMIN AN\"><span class='avia_iconbox_title' >SAGEN SIE EINEN UNTERSUCHUNGSTERMIN AN<\/span><span class='avia_button_icon avia_button_icon_right' aria-hidden='true' data-av_icon='\ue879' data-av_iconfont='entypo-fontello'><\/span><\/a><\/div><\/p><\/div>\n","protected":false},"excerpt":{"rendered":"","protected":false},"author":5,"featured_media":0,"parent":0,"menu_order":0,"comment_status":"closed","ping_status":"closed","template":"","meta":{"footnotes":""},"class_list":["post-8593","page","type-page","status-publish","hentry"],"aioseo_notices":[],"_links":{"self":[{"href":"https:\/\/vunjak.rs\/de\/wp-json\/wp\/v2\/pages\/8593","targetHints":{"allow":["GET"]}}],"collection":[{"href":"https:\/\/vunjak.rs\/de\/wp-json\/wp\/v2\/pages"}],"about":[{"href":"https:\/\/vunjak.rs\/de\/wp-json\/wp\/v2\/types\/page"}],"author":[{"embeddable":true,"href":"https:\/\/vunjak.rs\/de\/wp-json\/wp\/v2\/users\/5"}],"replies":[{"embeddable":true,"href":"https:\/\/vunjak.rs\/de\/wp-json\/wp\/v2\/comments?post=8593"}],"version-history":[{"count":6,"href":"https:\/\/vunjak.rs\/de\/wp-json\/wp\/v2\/pages\/8593\/revisions"}],"predecessor-version":[{"id":19655,"href":"https:\/\/vunjak.rs\/de\/wp-json\/wp\/v2\/pages\/8593\/revisions\/19655"}],"wp:attachment":[{"href":"https:\/\/vunjak.rs\/de\/wp-json\/wp\/v2\/media?parent=8593"}],"curies":[{"name":"wp","href":"https:\/\/api.w.org\/{rel}","templated":true}]}}